{"id":6408,"date":"2025-04-08T11:09:03","date_gmt":"2025-04-08T16:09:03","guid":{"rendered":"https:\/\/cpps.h4o-studio.com\/?page_id=6408"},"modified":"2025-04-09T09:00:51","modified_gmt":"2025-04-09T14:00:51","slug":"tiburones-rayas-y-quimeras-2","status":"publish","type":"page","link":"https:\/\/nueva.cpps-int.org\/es_es\/que-hacemos\/direccion-cientifica\/tiburones-rayas-y-quimeras-2\/","title":{"rendered":"TIBURONES RAYAS Y QUIMERAS 2"},"content":{"rendered":"\t\t<div data-elementor-type=\"wp-page\" data-elementor-id=\"6408\" class=\"elementor elementor-6408\">\n\t\t\t\t<div class=\"elementor-element elementor-element-3eca376 e-flex e-con-boxed wpr-particle-no wpr-jarallax-no wpr-parallax-no wpr-sticky-section-no wpr-equal-height-no e-con e-parent\" data-id=\"3eca376\" data-element_type=\"container\" data-e-type=\"container\" data-settings=\"{&quot;background_background&quot;:&quot;slideshow&quot;,&quot;background_slideshow_gallery&quot;:[{&quot;id&quot;:5308,&quot;url&quot;:&quot;https:\\\/\\\/cpps.h4o-studio.com\\\/wp-content\\\/uploads\\\/2025\\\/02\\\/17379239_l-scaled.jpg&quot;},{&quot;id&quot;:4667,&quot;url&quot;:&quot;https:\\\/\\\/cpps.h4o-studio.com\\\/wp-content\\\/uploads\\\/2024\\\/12\\\/52302823_l-scaled.jpg&quot;}],&quot;background_slideshow_slide_transition&quot;:&quot;slide_right&quot;,&quot;background_slideshow_loop&quot;:&quot;yes&quot;,&quot;background_slideshow_slide_duration&quot;:5000,&quot;background_slideshow_transition_duration&quot;:500}\">\n\t\t\t\t\t<div class=\"e-con-inner\">\n\t\t\t\t<div class=\"elementor-element elementor-element-a7a5f10 elementor-widget elementor-widget-heading\" data-id=\"a7a5f10\" data-element_type=\"widget\" data-e-type=\"widget\" data-widget_type=\"heading.default\">\n\t\t\t\t<div class=\"elementor-widget-container\">\n\t\t\t\t\t<h2 class=\"elementor-heading-title elementor-size-default\">TIBURONES RAYAS Y QUIMERAS<\/h2>\t\t\t\t<\/div>\n\t\t\t\t<\/div>\n\t\t\t\t<div class=\"elementor-element elementor-element-3c37c72 elementor-widget-divider--view-line elementor-widget elementor-widget-divider\" data-id=\"3c37c72\" data-element_type=\"widget\" data-e-type=\"widget\" data-widget_type=\"divider.default\">\n\t\t\t\t<div class=\"elementor-widget-container\">\n\t\t\t\t\t\t\t<div class=\"elementor-divider\">\n\t\t\t<span class=\"elementor-divider-separator\">\n\t\t\t\t\t\t<\/span>\n\t\t<\/div>\n\t\t\t\t\t\t<\/div>\n\t\t\t\t<\/div>\n\t\t\t\t\t<\/div>\n\t\t\t\t<\/div>\n\t\t<div class=\"elementor-element elementor-element-345691c e-flex e-con-boxed wpr-particle-no wpr-jarallax-no wpr-parallax-no wpr-equal-height-no e-con e-parent\" data-id=\"345691c\" data-element_type=\"container\" data-e-type=\"container\" data-settings=\"{&quot;background_background&quot;:&quot;classic&quot;}\">\n\t\t\t\t\t<div class=\"e-con-inner\">\n\t\t<div class=\"elementor-element elementor-element-a84c298 e-con-full e-transform e-flex wpr-particle-no wpr-jarallax-no wpr-parallax-no wpr-sticky-section-no wpr-equal-height-no e-con e-child\" data-id=\"a84c298\" data-element_type=\"container\" data-e-type=\"container\" data-settings=\"{&quot;background_background&quot;:&quot;classic&quot;,&quot;_transform_scale_effect_hover&quot;:{&quot;unit&quot;:&quot;px&quot;,&quot;size&quot;:1.0500000000000000444089209850062616169452667236328125,&quot;sizes&quot;:[]},&quot;_transform_scale_effect_hover_tablet&quot;:{&quot;unit&quot;:&quot;px&quot;,&quot;size&quot;:&quot;&quot;,&quot;sizes&quot;:[]},&quot;_transform_scale_effect_hover_mobile&quot;:{&quot;unit&quot;:&quot;px&quot;,&quot;size&quot;:&quot;&quot;,&quot;sizes&quot;:[]}}\">\n\t\t\t\t<div class=\"elementor-element elementor-element-1002634 elementor-widget elementor-widget-heading\" data-id=\"1002634\" data-element_type=\"widget\" data-e-type=\"widget\" data-widget_type=\"heading.default\">\n\t\t\t\t<div class=\"elementor-widget-container\">\n\t\t\t\t\t<h2 class=\"elementor-heading-title elementor-size-default\"><a href=\"https:\/\/cpps.h4o-studio.com\/documentos-ctc-par-tiburon\/\">Documentos CTC-PAR Tibur\u00f3n<\/a><\/h2>\t\t\t\t<\/div>\n\t\t\t\t<\/div>\n\t\t\t\t<\/div>\n\t\t<div class=\"elementor-element elementor-element-79116b1 e-con-full e-transform e-flex wpr-particle-no wpr-jarallax-no wpr-parallax-no wpr-sticky-section-no wpr-equal-height-no e-con e-child\" data-id=\"79116b1\" data-element_type=\"container\" data-e-type=\"container\" data-settings=\"{&quot;background_background&quot;:&quot;classic&quot;,&quot;_transform_scale_effect_hover&quot;:{&quot;unit&quot;:&quot;px&quot;,&quot;size&quot;:1.0500000000000000444089209850062616169452667236328125,&quot;sizes&quot;:[]},&quot;_transform_scale_effect_hover_tablet&quot;:{&quot;unit&quot;:&quot;px&quot;,&quot;size&quot;:&quot;&quot;,&quot;sizes&quot;:[]},&quot;_transform_scale_effect_hover_mobile&quot;:{&quot;unit&quot;:&quot;px&quot;,&quot;size&quot;:&quot;&quot;,&quot;sizes&quot;:[]}}\">\n\t\t\t\t<div class=\"elementor-element elementor-element-8f94a55 elementor-widget elementor-widget-heading\" data-id=\"8f94a55\" data-element_type=\"widget\" data-e-type=\"widget\" data-widget_type=\"heading.default\">\n\t\t\t\t<div class=\"elementor-widget-container\">\n\t\t\t\t\t<h2 class=\"elementor-heading-title elementor-size-default\"><a href=\"https:\/\/cpps.h4o-studio.com\/reuniones-tiburones\/\">Reuniones<\/a><\/h2>\t\t\t\t<\/div>\n\t\t\t\t<\/div>\n\t\t\t\t<\/div>\n\t\t<div class=\"elementor-element elementor-element-ee196b8 e-con-full e-transform e-flex wpr-particle-no wpr-jarallax-no wpr-parallax-no wpr-sticky-section-no wpr-equal-height-no e-con e-child\" data-id=\"ee196b8\" data-element_type=\"container\" data-e-type=\"container\" data-settings=\"{&quot;background_background&quot;:&quot;classic&quot;,&quot;_transform_scale_effect_hover&quot;:{&quot;unit&quot;:&quot;px&quot;,&quot;size&quot;:1.0500000000000000444089209850062616169452667236328125,&quot;sizes&quot;:[]},&quot;_transform_scale_effect_hover_tablet&quot;:{&quot;unit&quot;:&quot;px&quot;,&quot;size&quot;:&quot;&quot;,&quot;sizes&quot;:[]},&quot;_transform_scale_effect_hover_mobile&quot;:{&quot;unit&quot;:&quot;px&quot;,&quot;size&quot;:&quot;&quot;,&quot;sizes&quot;:[]}}\">\n\t\t\t\t<div class=\"elementor-element elementor-element-17456ff elementor-widget elementor-widget-heading\" data-id=\"17456ff\" data-element_type=\"widget\" data-e-type=\"widget\" data-widget_type=\"heading.default\">\n\t\t\t\t<div class=\"elementor-widget-container\">\n\t\t\t\t\t<h2 class=\"elementor-heading-title elementor-size-default\"><a href=\"https:\/\/cpps.h4o-studio.com\/informes-tecnicos-tiburon\/\">Informes T\u00e9cnicos <\/a><\/h2>\t\t\t\t<\/div>\n\t\t\t\t<\/div>\n\t\t\t\t<\/div>\n\t\t\t\t\t<\/div>\n\t\t\t\t<\/div>\n\t\t<div class=\"elementor-element elementor-element-174704f e-flex e-con-boxed wpr-particle-no wpr-jarallax-no wpr-parallax-no wpr-sticky-section-no wpr-equal-height-no e-con e-parent\" data-id=\"174704f\" data-element_type=\"container\" data-e-type=\"container\">\n\t\t\t\t\t<div class=\"e-con-inner\">\n\t\t\t\t<div class=\"elementor-element elementor-element-9838257 elementor-widget elementor-widget-spacer\" data-id=\"9838257\" data-element_type=\"widget\" data-e-type=\"widget\" data-widget_type=\"spacer.default\">\n\t\t\t\t<div class=\"elementor-widget-container\">\n\t\t\t\t\t\t\t<div class=\"elementor-spacer\">\n\t\t\t<div class=\"elementor-spacer-inner\"><\/div>\n\t\t<\/div>\n\t\t\t\t\t\t<\/div>\n\t\t\t\t<\/div>\n\t\t\t\t\t<\/div>\n\t\t\t\t<\/div>\n\t\t<div class=\"elementor-element elementor-element-64701a00 e-con-full e-flex wpr-particle-no wpr-jarallax-no wpr-parallax-no wpr-sticky-section-no wpr-equal-height-no e-con e-child\" data-id=\"64701a00\" data-element_type=\"container\" data-e-type=\"container\">\n\t\t<div class=\"elementor-element elementor-element-75604653 e-con-full e-flex wpr-particle-no wpr-jarallax-no wpr-parallax-no wpr-sticky-section-no wpr-equal-height-no e-con e-child\" data-id=\"75604653\" data-element_type=\"container\" data-e-type=\"container\" id=\"generalidades\">\n\t\t\t\t<div class=\"elementor-element elementor-element-b30efaa elementor-widget__width-inherit elementor-widget elementor-widget-heading\" data-id=\"b30efaa\" data-element_type=\"widget\" data-e-type=\"widget\" data-widget_type=\"heading.default\">\n\t\t\t\t<div class=\"elementor-widget-container\">\n\t\t\t\t\t<h2 class=\"elementor-heading-title elementor-size-default\">\u00bfQu\u00e9 es el CTC-PAR Tubur\u00f3n<\/h2>\t\t\t\t<\/div>\n\t\t\t\t<\/div>\n\t\t\t\t<div class=\"elementor-element elementor-element-710d144f elementor-widget-divider--view-line elementor-widget elementor-widget-divider\" data-id=\"710d144f\" data-element_type=\"widget\" data-e-type=\"widget\" data-widget_type=\"divider.default\">\n\t\t\t\t<div class=\"elementor-widget-container\">\n\t\t\t\t\t\t\t<div class=\"elementor-divider\">\n\t\t\t<span class=\"elementor-divider-separator\">\n\t\t\t\t\t\t<\/span>\n\t\t<\/div>\n\t\t\t\t\t\t<\/div>\n\t\t\t\t<\/div>\n\t\t\t\t<div class=\"elementor-element elementor-element-4af17ef5 elementor-widget elementor-widget-text-editor\" data-id=\"4af17ef5\" data-element_type=\"widget\" data-e-type=\"widget\" data-widget_type=\"text-editor.default\">\n\t\t\t\t<div class=\"elementor-widget-container\">\n\t\t\t\t\t\t\t\t\t<p>Rellenar&#8230;<\/p>\t\t\t\t\t\t\t\t<\/div>\n\t\t\t\t<\/div>\n\t\t\t\t<div class=\"elementor-element elementor-element-72ca0c08 elementor-widget__width-inherit elementor-widget elementor-widget-heading\" data-id=\"72ca0c08\" data-element_type=\"widget\" data-e-type=\"widget\" data-widget_type=\"heading.default\">\n\t\t\t\t<div class=\"elementor-widget-container\">\n\t\t\t\t\t<h2 class=\"elementor-heading-title elementor-size-default\">Objetivo General<\/h2>\t\t\t\t<\/div>\n\t\t\t\t<\/div>\n\t\t\t\t<div class=\"elementor-element elementor-element-f2b8c62 elementor-widget elementor-widget-text-editor\" data-id=\"f2b8c62\" data-element_type=\"widget\" data-e-type=\"widget\" data-widget_type=\"text-editor.default\">\n\t\t\t\t<div class=\"elementor-widget-container\">\n\t\t\t\t\t\t\t\t\t<p style=\"text-align: justify;\"><br \/>Asesorar a la CPPS en los campos cient\u00edfico, tecnol\u00f3gico, t\u00e9cnico, de planificaci\u00f3n (establecimiento de prioridades, implementaci\u00f3n de medidas y seguimiento), y de organizaci\u00f3n; para la implementaci\u00f3n y ejecuci\u00f3n, en forma permanente del Plan de Acci\u00f3n Regional de Conservaci\u00f3n y Manejo de Tiburones, Rayas y Quimeras en la Regi\u00f3n del Pac\u00edfico Sudeste (PAR-Tibur\u00f3n), al igual que recomendar y proponer mecanismos econ\u00f3micos o de financiamiento que sustenten y sostengan el Plan.<\/p>\t\t\t\t\t\t\t\t<\/div>\n\t\t\t\t<\/div>\n\t\t\t\t<div class=\"elementor-element elementor-element-10f0b36f elementor-widget__width-inherit elementor-widget elementor-widget-heading\" data-id=\"10f0b36f\" data-element_type=\"widget\" data-e-type=\"widget\" data-widget_type=\"heading.default\">\n\t\t\t\t<div class=\"elementor-widget-container\">\n\t\t\t\t\t<h2 class=\"elementor-heading-title elementor-size-default\">Objetivos Espec\u00edficos<\/h2>\t\t\t\t<\/div>\n\t\t\t\t<\/div>\n\t\t\t\t<div class=\"elementor-element elementor-element-53a418fe elementor-widget elementor-widget-text-editor\" data-id=\"53a418fe\" data-element_type=\"widget\" data-e-type=\"widget\" data-widget_type=\"text-editor.default\">\n\t\t\t\t<div class=\"elementor-widget-container\">\n\t\t\t\t\t\t\t\t\t<p style=\"text-align: justify;\">\n  Dise\u00f1ar y proponer el Plan Regional de Investigaci\u00f3n del PAR-Tibur\u00f3n, as\u00ed como elaborar documentos con fundamentos cient\u00edficos y t\u00e9cnicos para implementar el mismo.\n<\/p>\n\n<p style=\"text-align: justify;\">\n  Evaluar el grado de cumplimiento del PAR-Tibur\u00f3n y revisar peri\u00f3dicamente el Plan de Acci\u00f3n para la actualizaci\u00f3n y mejora continua del mismo.\n<\/p>\n\n<p style=\"text-align: justify;\">\n  Establecer los mecanismos, procedimientos y metodolog\u00edas de integraci\u00f3n y articulaci\u00f3n de los PAN Tibur\u00f3n en los Pa\u00edses Miembros de la CPPS, con los PAR Tibur\u00f3n de otras Regiones de Am\u00e9rica Latina y el Caribe, y con los propuestos o desarrollados por Organizaciones Internacionales, Organizaciones Internacionales Regionales y\/o Organizaciones Internacionales Subregionales, y\/o de Ordenamiento Pesquero (OROPs).\n<\/p>\n\n<p style=\"text-align: justify;\">\n  Recomendar las tareas de apoyo y coordinaci\u00f3n que debe desarrollar la Secretar\u00eda General de la CPPS para la mejor implementaci\u00f3n y ejecuci\u00f3n del PAR-Tibur\u00f3n.\n<\/p>\n\n<p style=\"text-align: justify;\">\n  Establecer la estructura de los Informes Nacionales sobre la implementaci\u00f3n del PAR-Tibur\u00f3n, que deben aportar cada uno de los pa\u00edses miembros de la CPPS para evaluar y actualizar el mismo.\n<\/p>\n\n<p style=\"text-align: justify;\">\n  Apoyar en la identificaci\u00f3n de mecanismos de financiamiento para la implementaci\u00f3n y ejecuci\u00f3n permanente del PAR-Tibur\u00f3n.\n<\/p>\n\n<p style=\"text-align: justify;\">\n  Recomendar medidas e instrumentos legales regionales y\/o nacionales que se puedan desarrollar a nivel de la regi\u00f3n de la CPPS y\/o a nivel Nacional para la implementaci\u00f3n y ejecuci\u00f3n del PAR-Tibur\u00f3n.\n<\/p>\n\t\t\t\t\t\t\t\t<\/div>\n\t\t\t\t<\/div>\n\t\t\t\t<\/div>\n\t\t\t\t<\/div>\n\t\t<div class=\"elementor-element elementor-element-7ebf2ba e-flex e-con-boxed wpr-particle-no wpr-jarallax-no wpr-parallax-no wpr-sticky-section-no wpr-equal-height-no e-con e-parent\" data-id=\"7ebf2ba\" data-element_type=\"container\" data-e-type=\"container\">\n\t\t\t\t\t<div class=\"e-con-inner\">\n\t\t\t\t<div class=\"elementor-element elementor-element-fd5de42 elementor-widget elementor-widget-image\" data-id=\"fd5de42\" data-element_type=\"widget\" data-e-type=\"widget\" data-widget_type=\"image.default\">\n\t\t\t\t<div class=\"elementor-widget-container\">\n\t\t\t\t\t\t\t\t\t\t\t\t\t\t\t<img fetchpriority=\"high\" decoding=\"async\" width=\"800\" height=\"450\" src=\"https:\/\/nueva.cpps-int.org\/wp-content\/uploads\/2025\/04\/WhatsApp-Image-2025-04-08-at-11.30.10-1024x576.jpeg\" class=\"attachment-large size-large wp-image-6516\" alt=\"\" srcset=\"https:\/\/nueva.cpps-int.org\/wp-content\/uploads\/2025\/04\/WhatsApp-Image-2025-04-08-at-11.30.10-1024x576.jpeg 1024w, https:\/\/nueva.cpps-int.org\/wp-content\/uploads\/2025\/04\/WhatsApp-Image-2025-04-08-at-11.30.10-300x169.jpeg 300w, https:\/\/nueva.cpps-int.org\/wp-content\/uploads\/2025\/04\/WhatsApp-Image-2025-04-08-at-11.30.10-768x432.jpeg 768w, https:\/\/nueva.cpps-int.org\/wp-content\/uploads\/2025\/04\/WhatsApp-Image-2025-04-08-at-11.30.10-1536x864.jpeg 1536w, https:\/\/nueva.cpps-int.org\/wp-content\/uploads\/2025\/04\/WhatsApp-Image-2025-04-08-at-11.30.10.jpeg 1600w\" sizes=\"(max-width: 800px) 100vw, 800px\" \/>\t\t\t\t\t\t\t\t\t\t\t\t\t\t\t<\/div>\n\t\t\t\t<\/div>\n\t\t\t\t\t<\/div>\n\t\t\t\t<\/div>\n\t\t<div class=\"elementor-element elementor-element-adee73b e-flex e-con-boxed wpr-particle-no wpr-jarallax-no wpr-parallax-no wpr-sticky-section-no wpr-equal-height-no e-con e-parent\" data-id=\"adee73b\" data-element_type=\"container\" data-e-type=\"container\">\n\t\t\t\t\t<div class=\"e-con-inner\">\n\t\t\t\t<div class=\"elementor-element elementor-element-dd6dfbb elementor-widget elementor-widget-spacer\" data-id=\"dd6dfbb\" data-element_type=\"widget\" data-e-type=\"widget\" data-widget_type=\"spacer.default\">\n\t\t\t\t<div class=\"elementor-widget-container\">\n\t\t\t\t\t\t\t<div class=\"elementor-spacer\">\n\t\t\t<div class=\"elementor-spacer-inner\"><\/div>\n\t\t<\/div>\n\t\t\t\t\t\t<\/div>\n\t\t\t\t<\/div>\n\t\t\t\t\t<\/div>\n\t\t\t\t<\/div>\n\t\t\t\t<\/div>\n\t\t","protected":false},"excerpt":{"rendered":"<p>TIBURONES RAYAS Y QUIMERAS 2 TIBURONES RAYAS Y QUIMERAS Home Documentos CTC-PAR Tibur\u00f3n Reuniones Informes T\u00e9cnicos \u00bfQu\u00e9 es el CTC-PAR Tubur\u00f3n Rellenar&#8230; Objetivo General Asesorar a la CPPS en los campos cient\u00edfico, tecnol\u00f3gico, t\u00e9cnico, de planificaci\u00f3n (establecimiento de prioridades, implementaci\u00f3n de medidas y seguimiento), y de organizaci\u00f3n; para la implementaci\u00f3n y ejecuci\u00f3n, en forma permanente del Plan de Acci\u00f3n Regional de Conservaci\u00f3n y Manejo de Tiburones, Rayas y Quimeras en la Regi\u00f3n del Pac\u00edfico Sudeste (PAR-Tibur\u00f3n), al igual que recomendar y proponer mecanismos econ\u00f3micos o de financiamiento que sustenten y sostengan el Plan. Objetivos Espec\u00edficos Dise\u00f1ar y proponer el Plan Regional de Investigaci\u00f3n del PAR-Tibur\u00f3n, as\u00ed como elaborar documentos con fundamentos cient\u00edficos y t\u00e9cnicos para implementar el mismo. Evaluar el grado de cumplimiento del PAR-Tibur\u00f3n y revisar peri\u00f3dicamente el Plan de Acci\u00f3n para la actualizaci\u00f3n y mejora continua del mismo. Establecer los mecanismos, procedimientos y metodolog\u00edas de integraci\u00f3n y articulaci\u00f3n de los PAN Tibur\u00f3n en los Pa\u00edses Miembros de la CPPS, con los PAR Tibur\u00f3n de otras Regiones de Am\u00e9rica Latina y el Caribe, y con los propuestos o desarrollados por Organizaciones Internacionales, Organizaciones Internacionales Regionales y\/o Organizaciones Internacionales Subregionales, y\/o de Ordenamiento Pesquero (OROPs). Recomendar las tareas de apoyo y coordinaci\u00f3n que debe desarrollar la Secretar\u00eda General de la CPPS para la mejor implementaci\u00f3n y ejecuci\u00f3n del PAR-Tibur\u00f3n. Establecer la estructura de los Informes Nacionales sobre la implementaci\u00f3n del PAR-Tibur\u00f3n, que deben aportar cada uno de los pa\u00edses miembros de la CPPS para evaluar y actualizar el mismo. Apoyar en la identificaci\u00f3n de mecanismos de financiamiento para la implementaci\u00f3n y ejecuci\u00f3n permanente del PAR-Tibur\u00f3n. Recomendar medidas e instrumentos legales regionales y\/o nacionales que se puedan desarrollar a nivel de la regi\u00f3n de la CPPS y\/o a nivel Nacional para la implementaci\u00f3n y ejecuci\u00f3n del PAR-Tibur\u00f3n.<\/p>\n","protected":false},"author":2,"featured_media":0,"parent":757,"menu_order":0,"comment_status":"closed","ping_status":"closed","template":"","meta":{"footnotes":""},"class_list":["post-6408","page","type-page","status-publish","hentry"],"_links":{"self":[{"href":"https:\/\/nueva.cpps-int.org\/es_es\/wp-json\/wp\/v2\/pages\/6408","targetHints":{"allow":["GET"]}}],"collection":[{"href":"https:\/\/nueva.cpps-int.org\/es_es\/wp-json\/wp\/v2\/pages"}],"about":[{"href":"https:\/\/nueva.cpps-int.org\/es_es\/wp-json\/wp\/v2\/types\/page"}],"author":[{"embeddable":true,"href":"https:\/\/nueva.cpps-int.org\/es_es\/wp-json\/wp\/v2\/users\/2"}],"replies":[{"embeddable":true,"href":"https:\/\/nueva.cpps-int.org\/es_es\/wp-json\/wp\/v2\/comments?post=6408"}],"version-history":[{"count":31,"href":"https:\/\/nueva.cpps-int.org\/es_es\/wp-json\/wp\/v2\/pages\/6408\/revisions"}],"predecessor-version":[{"id":6532,"href":"https:\/\/nueva.cpps-int.org\/es_es\/wp-json\/wp\/v2\/pages\/6408\/revisions\/6532"}],"up":[{"embeddable":true,"href":"https:\/\/nueva.cpps-int.org\/es_es\/wp-json\/wp\/v2\/pages\/757"}],"wp:attachment":[{"href":"https:\/\/nueva.cpps-int.org\/es_es\/wp-json\/wp\/v2\/media?parent=6408"}],"curies":[{"name":"wp","href":"https:\/\/api.w.org\/{rel}","templated":true}]}}