{"id":5947,"date":"2025-03-19T15:11:07","date_gmt":"2025-03-19T20:11:07","guid":{"rendered":"https:\/\/cpps.h4o-studio.com\/?page_id=5947"},"modified":"2026-04-02T11:46:04","modified_gmt":"2026-04-02T16:46:04","slug":"observacion-del-oceano-grasp2","status":"publish","type":"page","link":"https:\/\/nueva.cpps-int.org\/es_es\/que-hacemos\/direccion-cientifica\/observacion-del-oceano-grasp2\/","title":{"rendered":"OBSERVACI\u00d3N DEL OC\u00c9ANO (GRASP)2"},"content":{"rendered":"\t\t<div data-elementor-type=\"wp-page\" data-elementor-id=\"5947\" class=\"elementor elementor-5947\">\n\t\t\t\t<div class=\"elementor-element elementor-element-47e68c35 e-flex e-con-boxed wpr-particle-no wpr-jarallax-no wpr-parallax-no wpr-sticky-section-no wpr-equal-height-no e-con e-parent\" data-id=\"47e68c35\" data-element_type=\"container\" data-e-type=\"container\" data-settings=\"{&quot;background_background&quot;:&quot;classic&quot;}\">\n\t\t\t\t\t<div class=\"e-con-inner\">\n\t\t\t\t<div class=\"elementor-element elementor-element-5066196 elementor-widget elementor-widget-heading\" data-id=\"5066196\" data-element_type=\"widget\" data-e-type=\"widget\" data-widget_type=\"heading.default\">\n\t\t\t\t<div class=\"elementor-widget-container\">\n\t\t\t\t\t<h2 class=\"elementor-heading-title elementor-size-default\">OBSERVACI\u00d3N DEL OC\u00c9ANO (GRASP)<\/h2>\t\t\t\t<\/div>\n\t\t\t\t<\/div>\n\t\t\t\t<div class=\"elementor-element elementor-element-4f0f8b7b elementor-widget-divider--view-line elementor-widget elementor-widget-divider\" data-id=\"4f0f8b7b\" data-element_type=\"widget\" data-e-type=\"widget\" data-widget_type=\"divider.default\">\n\t\t\t\t<div class=\"elementor-widget-container\">\n\t\t\t\t\t\t\t<div class=\"elementor-divider\">\n\t\t\t<span class=\"elementor-divider-separator\">\n\t\t\t\t\t\t<\/span>\n\t\t<\/div>\n\t\t\t\t\t\t<\/div>\n\t\t\t\t<\/div>\n\t\t\t\t\t<\/div>\n\t\t\t\t<\/div>\n\t\t<div class=\"elementor-element elementor-element-e76cc47 e-flex e-con-boxed wpr-particle-no wpr-jarallax-no wpr-parallax-no wpr-equal-height-no e-con e-parent\" data-id=\"e76cc47\" data-element_type=\"container\" data-e-type=\"container\" data-settings=\"{&quot;background_background&quot;:&quot;classic&quot;}\">\n\t\t\t\t\t<div class=\"e-con-inner\">\n\t\t<div class=\"elementor-element elementor-element-c0ecdf4 e-con-full e-transform e-flex wpr-particle-no wpr-jarallax-no wpr-parallax-no wpr-sticky-section-no wpr-equal-height-no e-con e-child\" data-id=\"c0ecdf4\" data-element_type=\"container\" data-e-type=\"container\" data-settings=\"{&quot;background_background&quot;:&quot;classic&quot;,&quot;_transform_scale_effect_hover&quot;:{&quot;unit&quot;:&quot;px&quot;,&quot;size&quot;:1.0500000000000000444089209850062616169452667236328125,&quot;sizes&quot;:[]},&quot;_transform_scale_effect_hover_tablet&quot;:{&quot;unit&quot;:&quot;px&quot;,&quot;size&quot;:&quot;&quot;,&quot;sizes&quot;:[]},&quot;_transform_scale_effect_hover_mobile&quot;:{&quot;unit&quot;:&quot;px&quot;,&quot;size&quot;:&quot;&quot;,&quot;sizes&quot;:[]}}\">\n\t\t\t\t<div class=\"elementor-element elementor-element-46ae115 elementor-widget elementor-widget-heading\" data-id=\"46ae115\" data-element_type=\"widget\" data-e-type=\"widget\" data-widget_type=\"heading.default\">\n\t\t\t\t<div class=\"elementor-widget-container\">\n\t\t\t\t\t<h2 class=\"elementor-heading-title elementor-size-default\"><a href=\"https:\/\/nueva.cpps-int.org\/\/es_es\/documentos-del-comite-alianza-grasp2\/\" target=\"_blank\">Documentos del Comit\u00e9 Alianza GRASP<\/a><\/h2>\t\t\t\t<\/div>\n\t\t\t\t<\/div>\n\t\t\t\t<div class=\"elementor-element elementor-element-060af7f elementor-widget elementor-widget-heading\" data-id=\"060af7f\" data-element_type=\"widget\" data-e-type=\"widget\" data-widget_type=\"heading.default\">\n\t\t\t\t<div class=\"elementor-widget-container\">\n\t\t\t\t\t<h2 class=\"elementor-heading-title elementor-size-default\">Talleres<\/h2>\t\t\t\t<\/div>\n\t\t\t\t<\/div>\n\t\t\t\t<\/div>\n\t\t<div class=\"elementor-element elementor-element-f18a2f3 e-con-full e-transform e-flex wpr-particle-no wpr-jarallax-no wpr-parallax-no wpr-sticky-section-no wpr-equal-height-no e-con e-child\" data-id=\"f18a2f3\" data-element_type=\"container\" data-e-type=\"container\" data-settings=\"{&quot;background_background&quot;:&quot;classic&quot;,&quot;_transform_scale_effect_hover&quot;:{&quot;unit&quot;:&quot;px&quot;,&quot;size&quot;:1.0500000000000000444089209850062616169452667236328125,&quot;sizes&quot;:[]},&quot;_transform_scale_effect_hover_tablet&quot;:{&quot;unit&quot;:&quot;px&quot;,&quot;size&quot;:&quot;&quot;,&quot;sizes&quot;:[]},&quot;_transform_scale_effect_hover_mobile&quot;:{&quot;unit&quot;:&quot;px&quot;,&quot;size&quot;:&quot;&quot;,&quot;sizes&quot;:[]}}\">\n\t\t\t\t<div class=\"elementor-element elementor-element-3ce03e0 elementor-widget elementor-widget-heading\" data-id=\"3ce03e0\" data-element_type=\"widget\" data-e-type=\"widget\" data-widget_type=\"heading.default\">\n\t\t\t\t<div class=\"elementor-widget-container\">\n\t\t\t\t\t<h2 class=\"elementor-heading-title elementor-size-default\"><a href=\"https:\/\/nueva.cpps-int.org\/\/es_es\/reuniones-grasp\/\" target=\"_blank\">Reuniones<\/a><\/h2>\t\t\t\t<\/div>\n\t\t\t\t<\/div>\n\t\t\t\t<div class=\"elementor-element elementor-element-272aeff elementor-widget elementor-widget-heading\" data-id=\"272aeff\" data-element_type=\"widget\" data-e-type=\"widget\" data-widget_type=\"heading.default\">\n\t\t\t\t<div class=\"elementor-widget-container\">\n\t\t\t\t\t<h2 class=\"elementor-heading-title elementor-size-default\">Reuniones<\/h2>\t\t\t\t<\/div>\n\t\t\t\t<\/div>\n\t\t\t\t<\/div>\n\t\t<div class=\"elementor-element elementor-element-0f681e9 e-con-full e-transform e-flex wpr-particle-no wpr-jarallax-no wpr-parallax-no wpr-sticky-section-no wpr-equal-height-no e-con e-child\" data-id=\"0f681e9\" data-element_type=\"container\" data-e-type=\"container\" data-settings=\"{&quot;background_background&quot;:&quot;classic&quot;,&quot;_transform_scale_effect_hover&quot;:{&quot;unit&quot;:&quot;px&quot;,&quot;size&quot;:1.0500000000000000444089209850062616169452667236328125,&quot;sizes&quot;:[]},&quot;_transform_scale_effect_hover_tablet&quot;:{&quot;unit&quot;:&quot;px&quot;,&quot;size&quot;:&quot;&quot;,&quot;sizes&quot;:[]},&quot;_transform_scale_effect_hover_mobile&quot;:{&quot;unit&quot;:&quot;px&quot;,&quot;size&quot;:&quot;&quot;,&quot;sizes&quot;:[]}}\">\n\t\t\t\t<div class=\"elementor-element elementor-element-a1d69e1 elementor-widget elementor-widget-heading\" data-id=\"a1d69e1\" data-element_type=\"widget\" data-e-type=\"widget\" data-widget_type=\"heading.default\">\n\t\t\t\t<div class=\"elementor-widget-container\">\n\t\t\t\t\t<h2 class=\"elementor-heading-title elementor-size-default\"><a href=\"https:\/\/nueva.cpps-int.org\/\/es_es\/informes-talleres-grasp\/\" target=\"_blank\">Talleres\/Foros\/Informes<\/a><\/h2>\t\t\t\t<\/div>\n\t\t\t\t<\/div>\n\t\t\t\t<div class=\"elementor-element elementor-element-ccb3dbc elementor-widget elementor-widget-heading\" data-id=\"ccb3dbc\" data-element_type=\"widget\" data-e-type=\"widget\" data-widget_type=\"heading.default\">\n\t\t\t\t<div class=\"elementor-widget-container\">\n\t\t\t\t\t<h2 class=\"elementor-heading-title elementor-size-default\">Contacto<\/h2>\t\t\t\t<\/div>\n\t\t\t\t<\/div>\n\t\t\t\t<\/div>\n\t\t<div class=\"elementor-element elementor-element-e5180ab e-con-full e-transform e-flex wpr-particle-no wpr-jarallax-no wpr-parallax-no wpr-sticky-section-no wpr-equal-height-no e-con e-child\" data-id=\"e5180ab\" data-element_type=\"container\" data-e-type=\"container\" data-settings=\"{&quot;background_background&quot;:&quot;classic&quot;,&quot;_transform_scale_effect_hover&quot;:{&quot;unit&quot;:&quot;px&quot;,&quot;size&quot;:1.0500000000000000444089209850062616169452667236328125,&quot;sizes&quot;:[]},&quot;_transform_scale_effect_hover_tablet&quot;:{&quot;unit&quot;:&quot;px&quot;,&quot;size&quot;:&quot;&quot;,&quot;sizes&quot;:[]},&quot;_transform_scale_effect_hover_mobile&quot;:{&quot;unit&quot;:&quot;px&quot;,&quot;size&quot;:&quot;&quot;,&quot;sizes&quot;:[]}}\">\n\t\t\t\t<div class=\"elementor-element elementor-element-795f94a elementor-widget elementor-widget-heading\" data-id=\"795f94a\" data-element_type=\"widget\" data-e-type=\"widget\" data-widget_type=\"heading.default\">\n\t\t\t\t<div class=\"elementor-widget-container\">\n\t\t\t\t\t<h2 class=\"elementor-heading-title elementor-size-default\"><a href=\"https:\/\/nueva.cpps-int.org\/productos-grasp\/\" target=\"_blank\">Oceanograf\u00eda Operacional<\/a><\/h2>\t\t\t\t<\/div>\n\t\t\t\t<\/div>\n\t\t\t\t<div class=\"elementor-element elementor-element-bc3f375 elementor-widget elementor-widget-heading\" data-id=\"bc3f375\" data-element_type=\"widget\" data-e-type=\"widget\" data-widget_type=\"heading.default\">\n\t\t\t\t<div class=\"elementor-widget-container\">\n\t\t\t\t\t<h2 class=\"elementor-heading-title elementor-size-default\">Contacto<\/h2>\t\t\t\t<\/div>\n\t\t\t\t<\/div>\n\t\t\t\t<\/div>\n\t\t\t\t\t<\/div>\n\t\t\t\t<\/div>\n\t\t<div class=\"elementor-element elementor-element-3404d393 e-con-full e-flex wpr-particle-no wpr-jarallax-no wpr-parallax-no wpr-sticky-section-no wpr-equal-height-no e-con e-child\" data-id=\"3404d393\" data-element_type=\"container\" data-e-type=\"container\" id=\"histograsp\">\n\t\t\t\t<div class=\"elementor-element elementor-element-58db03d elementor-widget elementor-widget-spacer\" data-id=\"58db03d\" data-element_type=\"widget\" data-e-type=\"widget\" data-widget_type=\"spacer.default\">\n\t\t\t\t<div class=\"elementor-widget-container\">\n\t\t\t\t\t\t\t<div class=\"elementor-spacer\">\n\t\t\t<div class=\"elementor-spacer-inner\"><\/div>\n\t\t<\/div>\n\t\t\t\t\t\t<\/div>\n\t\t\t\t<\/div>\n\t\t\t\t<div class=\"elementor-element elementor-element-7085e8ca elementor-widget__width-inherit elementor-widget elementor-widget-heading\" data-id=\"7085e8ca\" data-element_type=\"widget\" data-e-type=\"widget\" data-widget_type=\"heading.default\">\n\t\t\t\t<div class=\"elementor-widget-container\">\n\t\t\t\t\t<h2 class=\"elementor-heading-title elementor-size-default\">Qu\u00e9 es la GRASP?<\/h2>\t\t\t\t<\/div>\n\t\t\t\t<\/div>\n\t\t\t\t<div class=\"elementor-element elementor-element-6ffbeac2 elementor-widget-divider--view-line elementor-widget elementor-widget-divider\" data-id=\"6ffbeac2\" data-element_type=\"widget\" data-e-type=\"widget\" data-widget_type=\"divider.default\">\n\t\t\t\t<div class=\"elementor-widget-container\">\n\t\t\t\t\t\t\t<div class=\"elementor-divider\">\n\t\t\t<span class=\"elementor-divider-separator\">\n\t\t\t\t\t\t<\/span>\n\t\t<\/div>\n\t\t\t\t\t\t<\/div>\n\t\t\t\t<\/div>\n\t\t\t\t<div class=\"elementor-element elementor-element-6f102bbc elementor-widget elementor-widget-text-editor\" data-id=\"6f102bbc\" data-element_type=\"widget\" data-e-type=\"widget\" data-widget_type=\"text-editor.default\">\n\t\t\t\t<div class=\"elementor-widget-container\">\n\t\t\t\t\t\t\t\t\t<p>En el proceso de conformaci\u00f3n de la Alianza Regional del Sistema Mundial de Observaci\u00f3n de los Oc\u00e9anos (GOOS) para el Pac\u00edfico Sudeste \u2013 GRASP, se destacan la suscripci\u00f3n de la\u00a0<strong>Carta de Intenci\u00f3n para la creaci\u00f3n de la Alianza<\/strong>, que se realiz\u00f3 en Cartagena de Indias, Colombia, el 31 de mayo de 2003, en el marco de una reuni\u00f3n que cont\u00f3 con la presencia del Se\u00f1or Rodrigo N\u00fa\u00f1ez, en su calidad de Vicepresidente del<span style=\"color: #0000ff;\">\u00a0<a style=\"color: #0000ff;\" href=\"http:\/\/www.ioc-goos.org\/\">GOOS<\/a><\/span>, del se\u00f1or Colin Summerhayes, Director del<span style=\"color: #0000ff;\">\u00a0<a style=\"color: #0000ff;\" href=\"http:\/\/www.ioc-goos.org\/\">GOOS<\/a>\u00a0<\/span>de la Comisi\u00f3n Oceanogr\u00e1fica Intergubernamental (<span style=\"color: #0000ff;\"><a style=\"color: #0000ff;\" href=\"http:\/\/ioc.unesco.org\/\">COI<\/a><\/span>) y representante del Dr. Patricio Bernal, Secretario Ejecutivo de<span style=\"color: #0000ff;\">\u00a0<a style=\"color: #0000ff;\" href=\"http:\/\/ioc.unesco.org\/\">COI<\/a><\/span>, y en Calidad de Observador, el se\u00f1or Ulises Munaylla Alarc\u00f3, Director Cient\u00edfico de la Comisi\u00f3n Permanente del Pac\u00edfico Sur (<span style=\"color: #0000ff;\"><a style=\"color: #0000ff;\" href=\"https:\/\/cpps.h4o-studio.com\/\">CPPS<\/a><\/span>).<\/p><p>Uno de los principales productos de la reuni\u00f3n fue la suscripci\u00f3n de la<a href=\"https:\/\/www.cpps-int.org\/spanish\/cientifico\/grasp\/nosotros\/LOA%20GRASPTR.pdf\">\u00a0<\/a>Carta de Intenci\u00f3n para la creaci\u00f3n de la GRASP, de cuyo contenido se hizo entrega formal a la Comisi\u00f3n Oceanogr\u00e1fica Intergubernamental durante la 22 Asamblea General de la COI, en Par\u00eds en junio de 2003. Se incluye el texto completo de la carta y foto de su entrega oficial en la COI.<\/p><p>El segundo hito hist\u00f3rico lo constituy\u00f3 la formalizaci\u00f3n de la GRASP que se dio mediante la \u201cReuni\u00f3n de Alto Nivel para el Fortalecimiento de la Alianza Regional del Sistema Mundial de Observaci\u00f3n de los Oc\u00e9anos (GOOS) para el Pac\u00edfico Sudeste\u201d, convocada conjuntamente por la COI y la CPPS y realizada en Guayaquil Ecuador del 26 &#8211; 28 de octubre de 2005, en el contexto del Acuerdo de Cooperaci\u00f3n COI-CPPS, suscrito en septiembre de 2003 y del Protocolo del Programa ERFEN.<\/p>\t\t\t\t\t\t\t\t<\/div>\n\t\t\t\t<\/div>\n\t\t\t\t<\/div>\n\t\t<div class=\"elementor-element elementor-element-633c959b e-con-full e-flex wpr-particle-no wpr-jarallax-no wpr-parallax-no wpr-sticky-section-no wpr-equal-height-no e-con e-parent\" data-id=\"633c959b\" data-element_type=\"container\" data-e-type=\"container\">\n\t\t<div class=\"elementor-element elementor-element-7c2d6af7 e-con-full e-flex wpr-particle-no wpr-jarallax-no wpr-parallax-no wpr-sticky-section-no wpr-equal-height-no e-con e-child\" data-id=\"7c2d6af7\" data-element_type=\"container\" data-e-type=\"container\">\n\t\t\t\t<div class=\"elementor-element elementor-element-4c0c7bb4 elementor-widget elementor-widget-image\" data-id=\"4c0c7bb4\" data-element_type=\"widget\" data-e-type=\"widget\" data-widget_type=\"image.default\">\n\t\t\t\t<div class=\"elementor-widget-container\">\n\t\t\t\t\t\t\t\t\t\t\t\t\t\t\t<img fetchpriority=\"high\" decoding=\"async\" width=\"768\" height=\"541\" src=\"https:\/\/nueva.cpps-int.org\/wp-content\/uploads\/2025\/03\/WhatsApp-Image-2025-03-19-at-15.16.25-1-768x541.jpeg\" class=\"attachment-medium_large size-medium_large wp-image-5972\" alt=\"\" srcset=\"https:\/\/nueva.cpps-int.org\/wp-content\/uploads\/2025\/03\/WhatsApp-Image-2025-03-19-at-15.16.25-1-768x541.jpeg 768w, https:\/\/nueva.cpps-int.org\/wp-content\/uploads\/2025\/03\/WhatsApp-Image-2025-03-19-at-15.16.25-1-300x211.jpeg 300w, https:\/\/nueva.cpps-int.org\/wp-content\/uploads\/2025\/03\/WhatsApp-Image-2025-03-19-at-15.16.25-1-1024x721.jpeg 1024w, https:\/\/nueva.cpps-int.org\/wp-content\/uploads\/2025\/03\/WhatsApp-Image-2025-03-19-at-15.16.25-1-1536x1081.jpeg 1536w, https:\/\/nueva.cpps-int.org\/wp-content\/uploads\/2025\/03\/WhatsApp-Image-2025-03-19-at-15.16.25-1-2048x1442.jpeg 2048w\" sizes=\"(max-width: 768px) 100vw, 768px\" \/>\t\t\t\t\t\t\t\t\t\t\t\t\t\t\t<\/div>\n\t\t\t\t<\/div>\n\t\t\t\t<div class=\"elementor-element elementor-element-0340cb6 elementor-widget elementor-widget-image\" data-id=\"0340cb6\" data-element_type=\"widget\" data-e-type=\"widget\" data-widget_type=\"image.default\">\n\t\t\t\t<div class=\"elementor-widget-container\">\n\t\t\t\t\t\t\t\t\t\t\t\t\t\t\t<img decoding=\"async\" width=\"2560\" height=\"482\" src=\"https:\/\/nueva.cpps-int.org\/wp-content\/uploads\/2024\/07\/Banner_GRASP_Mesa_de_trabajo_1-scaled.jpg\" class=\"attachment-full size-full wp-image-1225\" alt=\"\" srcset=\"https:\/\/nueva.cpps-int.org\/wp-content\/uploads\/2024\/07\/Banner_GRASP_Mesa_de_trabajo_1-scaled.jpg 2560w, https:\/\/nueva.cpps-int.org\/wp-content\/uploads\/2024\/07\/Banner_GRASP_Mesa_de_trabajo_1-300x56.jpg 300w, https:\/\/nueva.cpps-int.org\/wp-content\/uploads\/2024\/07\/Banner_GRASP_Mesa_de_trabajo_1-1024x193.jpg 1024w, https:\/\/nueva.cpps-int.org\/wp-content\/uploads\/2024\/07\/Banner_GRASP_Mesa_de_trabajo_1-768x144.jpg 768w, https:\/\/nueva.cpps-int.org\/wp-content\/uploads\/2024\/07\/Banner_GRASP_Mesa_de_trabajo_1-1536x289.jpg 1536w, https:\/\/nueva.cpps-int.org\/wp-content\/uploads\/2024\/07\/Banner_GRASP_Mesa_de_trabajo_1-2048x385.jpg 2048w\" sizes=\"(max-width: 2560px) 100vw, 2560px\" \/>\t\t\t\t\t\t\t\t\t\t\t\t\t\t\t<\/div>\n\t\t\t\t<\/div>\n\t\t\t\t<\/div>\n\t\t\t\t<\/div>\n\t\t<div class=\"elementor-element elementor-element-15670cb2 elementor-hidden-desktop elementor-hidden-tablet elementor-hidden-mobile e-flex e-con-boxed wpr-particle-no wpr-jarallax-no wpr-parallax-no wpr-sticky-section-no wpr-equal-height-no e-con e-parent\" data-id=\"15670cb2\" data-element_type=\"container\" data-e-type=\"container\">\n\t\t\t\t\t<div class=\"e-con-inner\">\n\t\t<div class=\"elementor-element elementor-element-75d03c53 e-con-full e-flex wpr-particle-no wpr-jarallax-no wpr-parallax-no wpr-sticky-section-no wpr-equal-height-no e-con e-child\" data-id=\"75d03c53\" data-element_type=\"container\" data-e-type=\"container\">\n\t\t\t\t<\/div>\n\t\t<div class=\"elementor-element elementor-element-15fca977 e-con-full e-flex wpr-particle-no wpr-jarallax-no wpr-parallax-no wpr-sticky-section-no wpr-equal-height-no e-con e-child\" data-id=\"15fca977\" data-element_type=\"container\" data-e-type=\"container\">\n\t\t\t\t<div class=\"elementor-element elementor-element-73666cdb elementor-widget elementor-widget-heading\" data-id=\"73666cdb\" data-element_type=\"widget\" data-e-type=\"widget\" data-widget_type=\"heading.default\">\n\t\t\t\t<div class=\"elementor-widget-container\">\n\t\t\t\t\t<h2 class=\"elementor-heading-title elementor-size-default\">Repositorio Digital de la GRASP realizado por CECOLDO<\/h2>\t\t\t\t<\/div>\n\t\t\t\t<\/div>\n\t\t\t\t<div class=\"elementor-element elementor-element-54bc39d6 elementor-widget-divider--view-line elementor-widget elementor-widget-divider\" data-id=\"54bc39d6\" data-element_type=\"widget\" data-e-type=\"widget\" data-widget_type=\"divider.default\">\n\t\t\t\t<div class=\"elementor-widget-container\">\n\t\t\t\t\t\t\t<div class=\"elementor-divider\">\n\t\t\t<span class=\"elementor-divider-separator\">\n\t\t\t\t\t\t<\/span>\n\t\t<\/div>\n\t\t\t\t\t\t<\/div>\n\t\t\t\t<\/div>\n\t\t\t\t<div class=\"elementor-element elementor-element-251bbe04 elementor-tabs-view-vertical elementor-widget elementor-widget-tabs\" data-id=\"251bbe04\" data-element_type=\"widget\" data-e-type=\"widget\" data-widget_type=\"tabs.default\">\n\t\t\t\t<div class=\"elementor-widget-container\">\n\t\t\t\t\t\t\t<div class=\"elementor-tabs\">\n\t\t\t<div class=\"elementor-tabs-wrapper\" role=\"tablist\" >\n\t\t\t\t\t\t\t\t\t<div id=\"elementor-tab-title-6221\" class=\"elementor-tab-title elementor-tab-desktop-title\" aria-selected=\"true\" data-tab=\"1\" role=\"tab\" tabindex=\"0\" aria-controls=\"elementor-tab-content-6221\" aria-expanded=\"false\">Plan Estrat\u00e9gico GRASP 2021-2025<\/div>\n\t\t\t\t\t\t\t\t\t<div id=\"elementor-tab-title-6222\" class=\"elementor-tab-title elementor-tab-desktop-title\" aria-selected=\"false\" data-tab=\"2\" role=\"tab\" tabindex=\"-1\" aria-controls=\"elementor-tab-content-6222\" aria-expanded=\"false\">T\u00e9rminos de Referencia Alianza GRASP<\/div>\n\t\t\t\t\t\t\t\t\t<div id=\"elementor-tab-title-6223\" class=\"elementor-tab-title elementor-tab-desktop-title\" aria-selected=\"false\" data-tab=\"3\" role=\"tab\" tabindex=\"-1\" aria-controls=\"elementor-tab-content-6223\" aria-expanded=\"false\">Sistema Mundial de Observaci\u00f3n de los Oc\u00e9anos<\/div>\n\t\t\t\t\t\t\t<\/div>\n\t\t\t<div class=\"elementor-tabs-content-wrapper\" role=\"tablist\" aria-orientation=\"vertical\">\n\t\t\t\t\t\t\t\t\t<div class=\"elementor-tab-title elementor-tab-mobile-title\" aria-selected=\"true\" data-tab=\"1\" role=\"tab\" tabindex=\"0\" aria-controls=\"elementor-tab-content-6221\" aria-expanded=\"false\">Plan Estrat\u00e9gico GRASP 2021-2025<\/div>\n\t\t\t\t\t<div id=\"elementor-tab-content-6221\" class=\"elementor-tab-content elementor-clearfix\" data-tab=\"1\" role=\"tabpanel\" aria-labelledby=\"elementor-tab-title-6221\" tabindex=\"0\" hidden=\"false\"><table border=\"0\">\n<tbody>\n<tr>\n<td><strong><a href=\"https:\/\/archivo.cpps-int.org\/index.php\/s\/15WNosHps1DzsHZ\" target=\"_blank\" rel=\"noopener\">Descargar<\/a><\/strong><\/td>\n<\/tr>\n<\/tbody>\n<\/table><\/div>\n\t\t\t\t\t\t\t\t\t<div class=\"elementor-tab-title elementor-tab-mobile-title\" aria-selected=\"false\" data-tab=\"2\" role=\"tab\" tabindex=\"-1\" aria-controls=\"elementor-tab-content-6222\" aria-expanded=\"false\">T\u00e9rminos de Referencia Alianza GRASP<\/div>\n\t\t\t\t\t<div id=\"elementor-tab-content-6222\" class=\"elementor-tab-content elementor-clearfix\" data-tab=\"2\" role=\"tabpanel\" aria-labelledby=\"elementor-tab-title-6222\" tabindex=\"0\" hidden=\"hidden\"><table border=\"0\">\n<tbody>\n\n<td><a href=\"https:\/\/archivo.cpps-int.org\/index.php\/s\/4HX6VZKFsYUr1zC\" target=\"_blank\" rel=\"noopener\"><strong>Descargar<\/strong><\/a><\/td>\n<\/tr>\n<\/tbody>\n<\/table><\/div>\n\t\t\t\t\t\t\t\t\t<div class=\"elementor-tab-title elementor-tab-mobile-title\" aria-selected=\"false\" data-tab=\"3\" role=\"tab\" tabindex=\"-1\" aria-controls=\"elementor-tab-content-6223\" aria-expanded=\"false\">Sistema Mundial de Observaci\u00f3n de los Oc\u00e9anos<\/div>\n\t\t\t\t\t<div id=\"elementor-tab-content-6223\" class=\"elementor-tab-content elementor-clearfix\" data-tab=\"3\" role=\"tabpanel\" aria-labelledby=\"elementor-tab-title-6223\" tabindex=\"0\" hidden=\"hidden\"><table border=\"0\">\n<tbody>\n<tr>\n<td><a href=\"https:\/\/archivo.cpps-int.org\/index.php\/s\/7TIsHsXLl9jU027\" target=\"_blank\" rel=\"noopener\"><strong>Descargar<\/strong><\/a><\/td>\n<\/tr>\n<\/tbody>\n<\/table><\/div>\n\t\t\t\t\t\t\t<\/div>\n\t\t<\/div>\n\t\t\t\t\t\t<\/div>\n\t\t\t\t<\/div>\n\t\t\t\t<\/div>\n\t\t<div class=\"elementor-element elementor-element-3d767bc2 e-con-full e-flex wpr-particle-no wpr-jarallax-no wpr-parallax-no wpr-sticky-section-no wpr-equal-height-no e-con e-child\" data-id=\"3d767bc2\" data-element_type=\"container\" data-e-type=\"container\">\n\t\t\t\t<\/div>\n\t\t\t\t\t<\/div>\n\t\t\t\t<\/div>\n\t\t<div class=\"elementor-element elementor-element-6fb2490 elementor-hidden-tablet elementor-hidden-mobile elementor-hidden-desktop e-flex e-con-boxed wpr-particle-no wpr-jarallax-no wpr-parallax-no wpr-sticky-section-no wpr-equal-height-no e-con e-parent\" data-id=\"6fb2490\" data-element_type=\"container\" data-e-type=\"container\">\n\t\t\t\t\t<div class=\"e-con-inner\">\n\t\t\t\t<div class=\"elementor-element elementor-element-212a61b elementor-widget elementor-widget-image\" data-id=\"212a61b\" data-element_type=\"widget\" data-e-type=\"widget\" data-widget_type=\"image.default\">\n\t\t\t\t<div class=\"elementor-widget-container\">\n\t\t\t\t\t\t\t\t\t\t\t\t\t\t\t\t<a href=\"https:\/\/cecoldodigital.dimar.mil.co\/view\/divisions\/GRASP\/\" target=\"_blank\">\n\t\t\t\t\t\t\t<img decoding=\"async\" width=\"800\" height=\"75\" src=\"https:\/\/nueva.cpps-int.org\/wp-content\/uploads\/2024\/07\/Repositorio-CECOLDO-1024x96.png\" class=\"attachment-large size-large wp-image-1229\" alt=\"\" srcset=\"https:\/\/nueva.cpps-int.org\/wp-content\/uploads\/2024\/07\/Repositorio-CECOLDO-1024x96.png 1024w, https:\/\/nueva.cpps-int.org\/wp-content\/uploads\/2024\/07\/Repositorio-CECOLDO-300x28.png 300w, https:\/\/nueva.cpps-int.org\/wp-content\/uploads\/2024\/07\/Repositorio-CECOLDO-768x72.png 768w, https:\/\/nueva.cpps-int.org\/wp-content\/uploads\/2024\/07\/Repositorio-CECOLDO.png 1423w\" sizes=\"(max-width: 800px) 100vw, 800px\" \/>\t\t\t\t\t\t\t\t<\/a>\n\t\t\t\t\t\t\t\t\t\t\t\t\t\t\t<\/div>\n\t\t\t\t<\/div>\n\t\t\t\t\t<\/div>\n\t\t\t\t<\/div>\n\t\t\t\t<\/div>\n\t\t","protected":false},"excerpt":{"rendered":"<p>OBSERVACI\u00d3N DEL OC\u00c9ANO (GRASP) Documentos del Comit\u00e9 Alianza GRASP Talleres Reuniones Reuniones Talleres\/Foros\/Informes Contacto Oceanograf\u00eda Operacional Contacto Qu\u00e9 es la GRASP? En el proceso de conformaci\u00f3n de la Alianza Regional del Sistema Mundial de Observaci\u00f3n de los Oc\u00e9anos (GOOS) para el Pac\u00edfico Sudeste \u2013 GRASP, se destacan la suscripci\u00f3n de la\u00a0Carta de Intenci\u00f3n para la creaci\u00f3n de la Alianza, que se realiz\u00f3 en Cartagena de Indias, Colombia, el 31 de mayo de 2003, en el marco de una reuni\u00f3n que cont\u00f3 con la presencia del Se\u00f1or Rodrigo N\u00fa\u00f1ez, en su calidad de Vicepresidente del\u00a0GOOS, del se\u00f1or Colin Summerhayes, Director del\u00a0GOOS\u00a0de la Comisi\u00f3n Oceanogr\u00e1fica Intergubernamental (COI) y representante del Dr. Patricio Bernal, Secretario Ejecutivo de\u00a0COI, y en Calidad de Observador, el se\u00f1or Ulises Munaylla Alarc\u00f3, Director Cient\u00edfico de la Comisi\u00f3n Permanente del Pac\u00edfico Sur (CPPS). Uno de los principales productos de la reuni\u00f3n fue la suscripci\u00f3n de la\u00a0Carta de Intenci\u00f3n para la creaci\u00f3n de la GRASP, de cuyo contenido se hizo entrega formal a la Comisi\u00f3n Oceanogr\u00e1fica Intergubernamental durante la 22 Asamblea General de la COI, en Par\u00eds en junio de 2003. Se incluye el texto completo de la carta y foto de su entrega oficial en la COI. El segundo hito hist\u00f3rico lo constituy\u00f3 la formalizaci\u00f3n de la GRASP que se dio mediante la \u201cReuni\u00f3n de Alto Nivel para el Fortalecimiento de la Alianza Regional del Sistema Mundial de Observaci\u00f3n de los Oc\u00e9anos (GOOS) para el Pac\u00edfico Sudeste\u201d, convocada conjuntamente por la COI y la CPPS y realizada en Guayaquil Ecuador del 26 &#8211; 28 de octubre de 2005, en el contexto del Acuerdo de Cooperaci\u00f3n COI-CPPS, suscrito en septiembre de 2003 y del Protocolo del Programa ERFEN. Repositorio Digital de la GRASP realizado por CECOLDO Plan Estrat\u00e9gico GRASP 2021-2025 T\u00e9rminos de Referencia Alianza GRASP Sistema Mundial de Observaci\u00f3n de los Oc\u00e9anos Plan Estrat\u00e9gico GRASP 2021-2025 Descargar T\u00e9rminos de Referencia Alianza GRASP Descargar Sistema Mundial de Observaci\u00f3n de los Oc\u00e9anos Descargar<\/p>\n","protected":false},"author":2,"featured_media":0,"parent":757,"menu_order":0,"comment_status":"closed","ping_status":"closed","template":"","meta":{"footnotes":""},"class_list":["post-5947","page","type-page","status-publish","hentry"],"_links":{"self":[{"href":"https:\/\/nueva.cpps-int.org\/es_es\/wp-json\/wp\/v2\/pages\/5947","targetHints":{"allow":["GET"]}}],"collection":[{"href":"https:\/\/nueva.cpps-int.org\/es_es\/wp-json\/wp\/v2\/pages"}],"about":[{"href":"https:\/\/nueva.cpps-int.org\/es_es\/wp-json\/wp\/v2\/types\/page"}],"author":[{"embeddable":true,"href":"https:\/\/nueva.cpps-int.org\/es_es\/wp-json\/wp\/v2\/users\/2"}],"replies":[{"embeddable":true,"href":"https:\/\/nueva.cpps-int.org\/es_es\/wp-json\/wp\/v2\/comments?post=5947"}],"version-history":[{"count":76,"href":"https:\/\/nueva.cpps-int.org\/es_es\/wp-json\/wp\/v2\/pages\/5947\/revisions"}],"predecessor-version":[{"id":7245,"href":"https:\/\/nueva.cpps-int.org\/es_es\/wp-json\/wp\/v2\/pages\/5947\/revisions\/7245"}],"up":[{"embeddable":true,"href":"https:\/\/nueva.cpps-int.org\/es_es\/wp-json\/wp\/v2\/pages\/757"}],"wp:attachment":[{"href":"https:\/\/nueva.cpps-int.org\/es_es\/wp-json\/wp\/v2\/media?parent=5947"}],"curies":[{"name":"wp","href":"https:\/\/api.w.org\/{rel}","templated":true}]}}