{"id":6428,"date":"2025-04-08T11:38:46","date_gmt":"2025-04-08T16:38:46","guid":{"rendered":"https:\/\/cpps.h4o-studio.com\/?page_id=6428"},"modified":"2025-04-08T11:59:17","modified_gmt":"2025-04-08T16:59:17","slug":"documentos-ctc-par-tiburon","status":"publish","type":"page","link":"https:\/\/nueva.cpps-int.org\/en_us\/documentos-ctc-par-tiburon\/","title":{"rendered":"Documentos CTC-PAR Tibur\u00f3n"},"content":{"rendered":"\t\t<div data-elementor-type=\"wp-page\" data-elementor-id=\"6428\" class=\"elementor elementor-6428\">\n\t\t\t\t<div class=\"elementor-element elementor-element-7b464df e-flex e-con-boxed wpr-particle-no wpr-jarallax-no wpr-parallax-no wpr-sticky-section-no wpr-equal-height-no e-con e-parent\" data-id=\"7b464df\" data-element_type=\"container\" data-e-type=\"container\" data-settings=\"{&quot;background_background&quot;:&quot;slideshow&quot;,&quot;background_slideshow_gallery&quot;:[{&quot;id&quot;:5308,&quot;url&quot;:&quot;https:\\\/\\\/cpps.h4o-studio.com\\\/wp-content\\\/uploads\\\/2025\\\/02\\\/17379239_l-scaled.jpg&quot;},{&quot;id&quot;:4667,&quot;url&quot;:&quot;https:\\\/\\\/cpps.h4o-studio.com\\\/wp-content\\\/uploads\\\/2024\\\/12\\\/52302823_l-scaled.jpg&quot;}],&quot;background_slideshow_slide_transition&quot;:&quot;slide_right&quot;,&quot;background_slideshow_loop&quot;:&quot;yes&quot;,&quot;background_slideshow_slide_duration&quot;:5000,&quot;background_slideshow_transition_duration&quot;:500}\">\n\t\t\t\t\t<div class=\"e-con-inner\">\n\t\t\t\t<div class=\"elementor-element elementor-element-18144646 elementor-widget elementor-widget-heading\" data-id=\"18144646\" data-element_type=\"widget\" data-e-type=\"widget\" data-widget_type=\"heading.default\">\n\t\t\t\t<div class=\"elementor-widget-container\">\n\t\t\t\t\t<h2 class=\"elementor-heading-title elementor-size-default\">TIBURONES RAYAS Y QUIMERAS<\/h2>\t\t\t\t<\/div>\n\t\t\t\t<\/div>\n\t\t\t\t<div class=\"elementor-element elementor-element-477bfa02 elementor-widget-divider--view-line elementor-widget elementor-widget-divider\" data-id=\"477bfa02\" data-element_type=\"widget\" data-e-type=\"widget\" data-widget_type=\"divider.default\">\n\t\t\t\t<div class=\"elementor-widget-container\">\n\t\t\t\t\t\t\t<div class=\"elementor-divider\">\n\t\t\t<span class=\"elementor-divider-separator\">\n\t\t\t\t\t\t<\/span>\n\t\t<\/div>\n\t\t\t\t\t\t<\/div>\n\t\t\t\t<\/div>\n\t\t\t\t\t<\/div>\n\t\t\t\t<\/div>\n\t\t<div class=\"elementor-element elementor-element-f242435 e-flex e-con-boxed wpr-particle-no wpr-jarallax-no wpr-parallax-no wpr-sticky-section-no wpr-equal-height-no e-con e-parent\" data-id=\"f242435\" data-element_type=\"container\" data-e-type=\"container\">\n\t\t\t\t\t<div class=\"e-con-inner\">\n\t\t\t\t<div class=\"elementor-element elementor-element-0f9e135 elementor-widget elementor-widget-spacer\" data-id=\"0f9e135\" data-element_type=\"widget\" data-e-type=\"widget\" data-widget_type=\"spacer.default\">\n\t\t\t\t<div class=\"elementor-widget-container\">\n\t\t\t\t\t\t\t<div class=\"elementor-spacer\">\n\t\t\t<div class=\"elementor-spacer-inner\"><\/div>\n\t\t<\/div>\n\t\t\t\t\t\t<\/div>\n\t\t\t\t<\/div>\n\t\t\t\t\t<\/div>\n\t\t\t\t<\/div>\n\t\t<div class=\"elementor-element elementor-element-977d091 e-flex e-con-boxed wpr-particle-no wpr-jarallax-no wpr-parallax-no wpr-sticky-section-no wpr-equal-height-no e-con e-parent\" data-id=\"977d091\" data-element_type=\"container\" data-e-type=\"container\">\n\t\t\t\t\t<div class=\"e-con-inner\">\n\t\t\t\t<div class=\"elementor-element elementor-element-1835d86 elementor-position-left elementor-vertical-align-top elementor-widget elementor-widget-image-box\" data-id=\"1835d86\" data-element_type=\"widget\" data-e-type=\"widget\" data-widget_type=\"image-box.default\">\n\t\t\t\t<div class=\"elementor-widget-container\">\n\t\t\t\t\t<div class=\"elementor-image-box-wrapper\"><figure class=\"elementor-image-box-img\"><a href=\"https:\/\/cpps.h4o-studio.com\/wp-content\/uploads\/2025\/04\/PLAN-DE-ACCION-REGIONAL-DEL-CTC-PAR-Tiburon.pdf\" tabindex=\"-1\"><img fetchpriority=\"high\" decoding=\"async\" width=\"300\" height=\"426\" src=\"https:\/\/nueva.cpps-int.org\/wp-content\/uploads\/2025\/04\/portada-tiburon.png\" class=\"attachment-full size-full wp-image-6434\" alt=\"\" srcset=\"https:\/\/nueva.cpps-int.org\/wp-content\/uploads\/2025\/04\/portada-tiburon.png 300w, https:\/\/nueva.cpps-int.org\/wp-content\/uploads\/2025\/04\/portada-tiburon-211x300.png 211w\" sizes=\"(max-width: 300px) 100vw, 300px\" \/><\/a><\/figure><div class=\"elementor-image-box-content\"><h3 class=\"elementor-image-box-title\"><a href=\"https:\/\/cpps.h4o-studio.com\/wp-content\/uploads\/2025\/04\/PLAN-DE-ACCION-REGIONAL-DEL-CTC-PAR-Tiburon.pdf\"><br>Informe sobre la Evaluaci\u00f3n Participativa de PAR Tibur\u00f3n<\/a><\/h3><\/div><\/div>\t\t\t\t<\/div>\n\t\t\t\t<\/div>\n\t\t\t\t<div class=\"elementor-element elementor-element-12ffa3a elementor-position-left elementor-vertical-align-top elementor-widget elementor-widget-image-box\" data-id=\"12ffa3a\" data-element_type=\"widget\" data-e-type=\"widget\" data-widget_type=\"image-box.default\">\n\t\t\t\t<div class=\"elementor-widget-container\">\n\t\t\t\t\t<div class=\"elementor-image-box-wrapper\"><figure class=\"elementor-image-box-img\"><a href=\"https:\/\/cpps.h4o-studio.com\/wp-content\/uploads\/2025\/04\/Terminos_de_Referencia_CTCPAR.pdf\" tabindex=\"-1\"><img decoding=\"async\" width=\"402\" height=\"580\" src=\"https:\/\/nueva.cpps-int.org\/wp-content\/uploads\/2025\/04\/terminos.png\" class=\"attachment-full size-full wp-image-6439\" alt=\"\" srcset=\"https:\/\/nueva.cpps-int.org\/wp-content\/uploads\/2025\/04\/terminos.png 402w, https:\/\/nueva.cpps-int.org\/wp-content\/uploads\/2025\/04\/terminos-208x300.png 208w\" sizes=\"(max-width: 402px) 100vw, 402px\" \/><\/a><\/figure><div class=\"elementor-image-box-content\"><h3 class=\"elementor-image-box-title\"><a href=\"https:\/\/cpps.h4o-studio.com\/wp-content\/uploads\/2025\/04\/Terminos_de_Referencia_CTCPAR.pdf\"><br>T\u00e9rminos de Referencia<\/a><\/h3><\/div><\/div>\t\t\t\t<\/div>\n\t\t\t\t<\/div>\n\t\t\t\t<div class=\"elementor-element elementor-element-afb4043 elementor-position-left elementor-vertical-align-top elementor-widget elementor-widget-image-box\" data-id=\"afb4043\" data-element_type=\"widget\" data-e-type=\"widget\" data-widget_type=\"image-box.default\">\n\t\t\t\t<div class=\"elementor-widget-container\">\n\t\t\t\t\t<div class=\"elementor-image-box-wrapper\"><figure class=\"elementor-image-box-img\"><a href=\"https:\/\/cpps.h4o-studio.com\/wp-content\/uploads\/2025\/04\/addendum-tdr-ctcpar.pdf\" tabindex=\"-1\"><img decoding=\"async\" width=\"283\" height=\"405\" src=\"https:\/\/nueva.cpps-int.org\/wp-content\/uploads\/2025\/04\/adendum.png\" class=\"attachment-full size-full wp-image-6444\" alt=\"\" srcset=\"https:\/\/nueva.cpps-int.org\/wp-content\/uploads\/2025\/04\/adendum.png 283w, https:\/\/nueva.cpps-int.org\/wp-content\/uploads\/2025\/04\/adendum-210x300.png 210w\" sizes=\"(max-width: 283px) 100vw, 283px\" \/><\/a><\/figure><div class=\"elementor-image-box-content\"><h3 class=\"elementor-image-box-title\"><a href=\"https:\/\/cpps.h4o-studio.com\/wp-content\/uploads\/2025\/04\/addendum-tdr-ctcpar.pdf\"><br>Addendum a los TDR (nov-2016)<\/a><\/h3><\/div><\/div>\t\t\t\t<\/div>\n\t\t\t\t<\/div>\n\t\t\t\t<div class=\"elementor-element elementor-element-cd5acc9 elementor-position-left elementor-vertical-align-top elementor-widget elementor-widget-image-box\" data-id=\"cd5acc9\" data-element_type=\"widget\" data-e-type=\"widget\" data-widget_type=\"image-box.default\">\n\t\t\t\t<div class=\"elementor-widget-container\">\n\t\t\t\t\t<div class=\"elementor-image-box-wrapper\"><figure class=\"elementor-image-box-img\"><a href=\"https:\/\/cpps.h4o-studio.com\/wp-content\/uploads\/2025\/04\/Informe-PAR-tiburon-2015.pdf\" tabindex=\"-1\"><img loading=\"lazy\" decoding=\"async\" width=\"314\" height=\"409\" src=\"https:\/\/nueva.cpps-int.org\/wp-content\/uploads\/2025\/04\/30.png\" class=\"attachment-full size-full wp-image-6450\" alt=\"\" srcset=\"https:\/\/nueva.cpps-int.org\/wp-content\/uploads\/2025\/04\/30.png 314w, https:\/\/nueva.cpps-int.org\/wp-content\/uploads\/2025\/04\/30-230x300.png 230w\" sizes=\"(max-width: 314px) 100vw, 314px\" \/><\/a><\/figure><div class=\"elementor-image-box-content\"><h3 class=\"elementor-image-box-title\"><a href=\"https:\/\/cpps.h4o-studio.com\/wp-content\/uploads\/2025\/04\/Informe-PAR-tiburon-2015.pdf\"><br>Informe Revisi\u00f3n y Reformaci\u00f3n de PAR Tibur\u00f3n<\/a><\/h3><p class=\"elementor-image-box-description\">Carlos Tapia Jopia - 2015<br>Guayaquil, Ecuador<br><br><br><\/p><\/div><\/div>\t\t\t\t<\/div>\n\t\t\t\t<\/div>\n\t\t\t\t<div class=\"elementor-element elementor-element-cba5fd4 elementor-position-left elementor-vertical-align-top elementor-widget elementor-widget-image-box\" data-id=\"cba5fd4\" data-element_type=\"widget\" data-e-type=\"widget\" data-widget_type=\"image-box.default\">\n\t\t\t\t<div class=\"elementor-widget-container\">\n\t\t\t\t\t<div class=\"elementor-image-box-wrapper\"><figure class=\"elementor-image-box-img\"><a href=\"https:\/\/cpps.h4o-studio.com\/wp-content\/uploads\/2025\/04\/CTCPARtiburon_comite.pdf\" tabindex=\"-1\"><img loading=\"lazy\" decoding=\"async\" width=\"550\" height=\"409\" src=\"https:\/\/nueva.cpps-int.org\/wp-content\/uploads\/2025\/04\/Organigrama-tiburon.png\" class=\"attachment-full size-full wp-image-6455\" alt=\"\" srcset=\"https:\/\/nueva.cpps-int.org\/wp-content\/uploads\/2025\/04\/Organigrama-tiburon.png 550w, https:\/\/nueva.cpps-int.org\/wp-content\/uploads\/2025\/04\/Organigrama-tiburon-300x223.png 300w\" sizes=\"(max-width: 550px) 100vw, 550px\" \/><\/a><\/figure><div class=\"elementor-image-box-content\"><h3 class=\"elementor-image-box-title\"><a href=\"https:\/\/cpps.h4o-studio.com\/wp-content\/uploads\/2025\/04\/CTCPARtiburon_comite.pdf\">Organigrama<\/a><\/h3><p class=\"elementor-image-box-description\">Carlos Tapia Jopia - 2015<br>Guayaquil, Ecuador<br><br><\/p><\/div><\/div>\t\t\t\t<\/div>\n\t\t\t\t<\/div>\n\t\t\t\t\t<\/div>\n\t\t\t\t<\/div>\n\t\t<div class=\"elementor-element elementor-element-a733bc7 e-flex e-con-boxed wpr-particle-no wpr-jarallax-no wpr-parallax-no wpr-sticky-section-no wpr-equal-height-no e-con e-parent\" data-id=\"a733bc7\" data-element_type=\"container\" data-e-type=\"container\">\n\t\t\t\t\t<div class=\"e-con-inner\">\n\t\t\t\t<div class=\"elementor-element elementor-element-472f03d elementor-widget elementor-widget-spacer\" data-id=\"472f03d\" data-element_type=\"widget\" data-e-type=\"widget\" data-widget_type=\"spacer.default\">\n\t\t\t\t<div class=\"elementor-widget-container\">\n\t\t\t\t\t\t\t<div class=\"elementor-spacer\">\n\t\t\t<div class=\"elementor-spacer-inner\"><\/div>\n\t\t<\/div>\n\t\t\t\t\t\t<\/div>\n\t\t\t\t<\/div>\n\t\t\t\t\t<\/div>\n\t\t\t\t<\/div>\n\t\t\t\t<\/div>\n\t\t","protected":false},"excerpt":{"rendered":"<p>Documentos CTC-PAR Tibur\u00f3n TIBURONES RAYAS Y QUIMERAS Home Informe sobre la Evaluaci\u00f3n Participativa de PAR Tibur\u00f3n T\u00e9rminos de Referencia Addendum a los TDR (nov-2016) Informe Revisi\u00f3n y Reformaci\u00f3n de PAR Tibur\u00f3n Carlos Tapia Jopia &#8211; 2015Guayaquil, Ecuador Organigrama Carlos Tapia Jopia &#8211; 2015Guayaquil, Ecuador<\/p>","protected":false},"author":2,"featured_media":0,"parent":0,"menu_order":0,"comment_status":"closed","ping_status":"closed","template":"","meta":{"footnotes":""},"class_list":["post-6428","page","type-page","status-publish","hentry"],"_links":{"self":[{"href":"https:\/\/nueva.cpps-int.org\/en_us\/wp-json\/wp\/v2\/pages\/6428","targetHints":{"allow":["GET"]}}],"collection":[{"href":"https:\/\/nueva.cpps-int.org\/en_us\/wp-json\/wp\/v2\/pages"}],"about":[{"href":"https:\/\/nueva.cpps-int.org\/en_us\/wp-json\/wp\/v2\/types\/page"}],"author":[{"embeddable":true,"href":"https:\/\/nueva.cpps-int.org\/en_us\/wp-json\/wp\/v2\/users\/2"}],"replies":[{"embeddable":true,"href":"https:\/\/nueva.cpps-int.org\/en_us\/wp-json\/wp\/v2\/comments?post=6428"}],"version-history":[{"count":22,"href":"https:\/\/nueva.cpps-int.org\/en_us\/wp-json\/wp\/v2\/pages\/6428\/revisions"}],"predecessor-version":[{"id":6465,"href":"https:\/\/nueva.cpps-int.org\/en_us\/wp-json\/wp\/v2\/pages\/6428\/revisions\/6465"}],"wp:attachment":[{"href":"https:\/\/nueva.cpps-int.org\/en_us\/wp-json\/wp\/v2\/media?parent=6428"}],"curies":[{"name":"wp","href":"https:\/\/api.w.org\/{rel}","templated":true}]}}