{"id":5498,"date":"2025-03-14T14:49:11","date_gmt":"2025-03-14T19:49:11","guid":{"rendered":"https:\/\/cpps.h4o-studio.com\/?page_id=5498"},"modified":"2026-04-01T16:21:40","modified_gmt":"2026-04-01T21:21:40","slug":"informes-cientificos-de-erfen","status":"publish","type":"page","link":"https:\/\/nueva.cpps-int.org\/en_us\/informes-cientificos-de-erfen\/","title":{"rendered":"Informes Cient\u00edficos de ERFEN"},"content":{"rendered":"<div data-elementor-type=\"wp-page\" data-elementor-id=\"5498\" class=\"elementor elementor-5498\">\n\t\t\t\t<div class=\"elementor-element elementor-element-3d72f4bd e-flex e-con-boxed wpr-particle-no wpr-jarallax-no wpr-parallax-no wpr-sticky-section-no wpr-equal-height-no e-con e-parent\" data-id=\"3d72f4bd\" data-element_type=\"container\" data-e-type=\"container\" data-settings=\"{&quot;background_background&quot;:&quot;classic&quot;}\">\n\t\t\t\t\t<div class=\"e-con-inner\">\n\t\t\t\t<div class=\"elementor-element elementor-element-6bf19544 elementor-widget elementor-widget-heading\" data-id=\"6bf19544\" data-element_type=\"widget\" data-e-type=\"widget\" data-widget_type=\"heading.default\">\n\t\t\t\t<div class=\"elementor-widget-container\">\n\t\t\t\t\t<h2 class=\"elementor-heading-title elementor-size-default\">INFORMES T\u00c9CNICOS<\/h2>\t\t\t\t<\/div>\n\t\t\t\t<\/div>\n\t\t\t\t<div class=\"elementor-element elementor-element-7edcf511 elementor-widget-divider--view-line elementor-widget elementor-widget-divider\" data-id=\"7edcf511\" data-element_type=\"widget\" data-e-type=\"widget\" data-widget_type=\"divider.default\">\n\t\t\t\t<div class=\"elementor-widget-container\">\n\t\t\t\t\t\t\t<div class=\"elementor-divider\">\n\t\t\t<span class=\"elementor-divider-separator\">\n\t\t\t\t\t\t<\/span>\n\t\t<\/div>\n\t\t\t\t\t\t<\/div>\n\t\t\t\t<\/div>\n\t\t\t\t\t<\/div>\n\t\t\t\t<\/div>\n\t\t<div class=\"elementor-element elementor-element-b9eff36 e-flex e-con-boxed wpr-particle-no wpr-jarallax-no wpr-parallax-no wpr-sticky-section-no wpr-equal-height-no e-con e-parent\" data-id=\"b9eff36\" data-element_type=\"container\" data-e-type=\"container\">\n\t\t\t\t\t<div class=\"e-con-inner\">\n\t\t\t\t<div class=\"elementor-element elementor-element-3c75f87 elementor-widget elementor-widget-spacer\" data-id=\"3c75f87\" data-element_type=\"widget\" data-e-type=\"widget\" data-widget_type=\"spacer.default\">\n\t\t\t\t<div class=\"elementor-widget-container\">\n\t\t\t\t\t\t\t<div class=\"elementor-spacer\">\n\t\t\t<div class=\"elementor-spacer-inner\"><\/div>\n\t\t<\/div>\n\t\t\t\t\t\t<\/div>\n\t\t\t\t<\/div>\n\t\t\t\t\t<\/div>\n\t\t\t\t<\/div>\n\t\t<div class=\"elementor-element elementor-element-bce84f2 e-flex e-con-boxed wpr-particle-no wpr-jarallax-no wpr-parallax-no wpr-sticky-section-no wpr-equal-height-no e-con e-parent\" data-id=\"bce84f2\" data-element_type=\"container\" data-e-type=\"container\">\n\t\t\t\t\t<div class=\"e-con-inner\">\n\t\t\t\t<div class=\"elementor-element elementor-element-81358de elementor-position-left elementor-widget__width-initial elementor-vertical-align-top elementor-widget elementor-widget-image-box\" data-id=\"81358de\" data-element_type=\"widget\" data-e-type=\"widget\" data-widget_type=\"image-box.default\">\n\t\t\t\t<div class=\"elementor-widget-container\">\n\t\t\t\t\t<div class=\"elementor-image-box-wrapper\"><figure class=\"elementor-image-box-img\"><a href=\"https:\/\/cpps.h4o-studio.com\/wp-content\/uploads\/2025\/03\/INFORME-TECNICO-XXXIII-REUNION-ERFEN_noviembre_2024.pdf\" target=\"_blank\" tabindex=\"-1\"><img fetchpriority=\"high\" decoding=\"async\" width=\"408\" height=\"576\" src=\"https:\/\/nueva.cpps-int.org\/wp-content\/uploads\/2025\/03\/oapa.png\" class=\"attachment-full size-full wp-image-5547\" alt=\"\" srcset=\"https:\/\/nueva.cpps-int.org\/wp-content\/uploads\/2025\/03\/oapa.png 408w, https:\/\/nueva.cpps-int.org\/wp-content\/uploads\/2025\/03\/oapa-213x300.png 213w\" sizes=\"(max-width: 408px) 100vw, 408px\" \/><\/a><\/figure><div class=\"elementor-image-box-content\"><h3 class=\"elementor-image-box-title\"><a href=\"https:\/\/cpps.h4o-studio.com\/wp-content\/uploads\/2025\/03\/INFORME-TECNICO-XXXIII-REUNION-ERFEN_noviembre_2024.pdf\" target=\"_blank\"><br>INFORME T\u00c9CNICO XXXI<span style=\"color: var( --e-global-color-primary )\">I<\/span><span style=\"color: var( --e-global-color-primary )\">I<\/span><span style=\"color: var( --e-global-color-primary )\"> REUNI\u00d3N ERFEN-DICIEMBRE 2024<\/span><span style=\"color: var( --e-global-color-primary )\"><\/span><br><\/a><\/h3><\/div><\/div>\t\t\t\t<\/div>\n\t\t\t\t<\/div>\n\t\t\t\t<div class=\"elementor-element elementor-element-4317fe4 elementor-position-left elementor-vertical-align-top elementor-widget elementor-widget-image-box\" data-id=\"4317fe4\" data-element_type=\"widget\" data-e-type=\"widget\" data-widget_type=\"image-box.default\">\n\t\t\t\t<div class=\"elementor-widget-container\">\n\t\t\t\t\t<div class=\"elementor-image-box-wrapper\"><figure class=\"elementor-image-box-img\"><a href=\"https:\/\/cpps.h4o-studio.com\/wp-content\/uploads\/2025\/03\/INFORME-TECNICO-XXXII-REUNION-ERFEN-DICIEMBRE-2023.pdf\" target=\"_blank\" tabindex=\"-1\"><img decoding=\"async\" width=\"439\" height=\"584\" src=\"https:\/\/nueva.cpps-int.org\/wp-content\/uploads\/2025\/03\/captura.png\" class=\"attachment-full size-full wp-image-5516\" alt=\"\" srcset=\"https:\/\/nueva.cpps-int.org\/wp-content\/uploads\/2025\/03\/captura.png 439w, https:\/\/nueva.cpps-int.org\/wp-content\/uploads\/2025\/03\/captura-226x300.png 226w\" sizes=\"(max-width: 439px) 100vw, 439px\" \/><\/a><\/figure><div class=\"elementor-image-box-content\"><h3 class=\"elementor-image-box-title\"><a href=\"https:\/\/cpps.h4o-studio.com\/wp-content\/uploads\/2025\/03\/INFORME-TECNICO-XXXII-REUNION-ERFEN-DICIEMBRE-2023.pdf\" target=\"_blank\"><br>INFORME T\u00c9CNICO XXXII REUNI\u00d3N ERFEN-DICIEMBRE 2023<\/a><\/h3><\/div><\/div>\t\t\t\t<\/div>\n\t\t\t\t<\/div>\n\t\t\t\t<div class=\"elementor-element elementor-element-4e8eb2e elementor-position-left elementor-widget__width-initial elementor-vertical-align-top elementor-widget elementor-widget-image-box\" data-id=\"4e8eb2e\" data-element_type=\"widget\" data-e-type=\"widget\" data-widget_type=\"image-box.default\">\n\t\t\t\t<div class=\"elementor-widget-container\">\n\t\t\t\t\t<div class=\"elementor-image-box-wrapper\"><figure class=\"elementor-image-box-img\"><a href=\"https:\/\/cpps.h4o-studio.com\/wp-content\/uploads\/2025\/03\/INFORME-TECNICO-I-REUNION-EXTRAORDINARIA-ERFEN_septiembre-2023.docx-1.pdf\" target=\"_blank\" tabindex=\"-1\"><img decoding=\"async\" width=\"310\" height=\"420\" src=\"https:\/\/nueva.cpps-int.org\/wp-content\/uploads\/2025\/03\/ie.png\" class=\"attachment-full size-full wp-image-5531\" alt=\"\" srcset=\"https:\/\/nueva.cpps-int.org\/wp-content\/uploads\/2025\/03\/ie.png 310w, https:\/\/nueva.cpps-int.org\/wp-content\/uploads\/2025\/03\/ie-221x300.png 221w\" sizes=\"(max-width: 310px) 100vw, 310px\" \/><\/a><\/figure><div class=\"elementor-image-box-content\"><h3 class=\"elementor-image-box-title\"><a href=\"https:\/\/cpps.h4o-studio.com\/wp-content\/uploads\/2025\/03\/INFORME-TECNICO-I-REUNION-EXTRAORDINARIA-ERFEN_septiembre-2023.docx-1.pdf\" target=\"_blank\"><br>INFORME T\u00c9CNICO REUNI\u00d3N EXTRAORDINARIA ERFEN-SEPTIEMBRE 2023<\/a><\/h3><\/div><\/div>\t\t\t\t<\/div>\n\t\t\t\t<\/div>\n\t\t\t\t\t<\/div>\n\t\t\t\t<\/div>\n\t\t<div class=\"elementor-element elementor-element-3fc0374 e-flex e-con-boxed wpr-particle-no wpr-jarallax-no wpr-parallax-no wpr-sticky-section-no wpr-equal-height-no e-con e-parent\" data-id=\"3fc0374\" data-element_type=\"container\" data-e-type=\"container\">\n\t\t\t\t\t<div class=\"e-con-inner\">\n\t\t\t\t<div class=\"elementor-element elementor-element-63f0118 elementor-widget elementor-widget-spacer\" data-id=\"63f0118\" data-element_type=\"widget\" data-e-type=\"widget\" data-widget_type=\"spacer.default\">\n\t\t\t\t<div class=\"elementor-widget-container\">\n\t\t\t\t\t\t\t<div class=\"elementor-spacer\">\n\t\t\t<div class=\"elementor-spacer-inner\"><\/div>\n\t\t<\/div>\n\t\t\t\t\t\t<\/div>\n\t\t\t\t<\/div>\n\t\t\t\t\t<\/div>\n\t\t\t\t<\/div>\n\t\t\t\t<\/div>","protected":false},"excerpt":{"rendered":"<p>INFORMES T\u00c9CNICOS INFORME T\u00c9CNICO XXXIII REUNI\u00d3N ERFEN-DICIEMBRE 2024 INFORME T\u00c9CNICO XXXII REUNI\u00d3N ERFEN-DICIEMBRE 2023 INFORME T\u00c9CNICO REUNI\u00d3N EXTRAORDINARIA ERFEN-SEPTIEMBRE 2023<\/p>","protected":false},"author":2,"featured_media":0,"parent":0,"menu_order":0,"comment_status":"closed","ping_status":"closed","template":"","meta":{"footnotes":""},"class_list":["post-5498","page","type-page","status-publish","hentry"],"_links":{"self":[{"href":"https:\/\/nueva.cpps-int.org\/en_us\/wp-json\/wp\/v2\/pages\/5498","targetHints":{"allow":["GET"]}}],"collection":[{"href":"https:\/\/nueva.cpps-int.org\/en_us\/wp-json\/wp\/v2\/pages"}],"about":[{"href":"https:\/\/nueva.cpps-int.org\/en_us\/wp-json\/wp\/v2\/types\/page"}],"author":[{"embeddable":true,"href":"https:\/\/nueva.cpps-int.org\/en_us\/wp-json\/wp\/v2\/users\/2"}],"replies":[{"embeddable":true,"href":"https:\/\/nueva.cpps-int.org\/en_us\/wp-json\/wp\/v2\/comments?post=5498"}],"version-history":[{"count":46,"href":"https:\/\/nueva.cpps-int.org\/en_us\/wp-json\/wp\/v2\/pages\/5498\/revisions"}],"predecessor-version":[{"id":7146,"href":"https:\/\/nueva.cpps-int.org\/en_us\/wp-json\/wp\/v2\/pages\/5498\/revisions\/7146"}],"wp:attachment":[{"href":"https:\/\/nueva.cpps-int.org\/en_us\/wp-json\/wp\/v2\/media?parent=5498"}],"curies":[{"name":"wp","href":"https:\/\/api.w.org\/{rel}","templated":true}]}}