{"id":317,"date":"2024-05-21T14:08:01","date_gmt":"2024-05-21T19:08:01","guid":{"rendered":"https:\/\/cpps.h4o-studio.com\/?page_id=317"},"modified":"2024-12-06T15:35:04","modified_gmt":"2024-12-06T20:35:04","slug":"biblioteca-y-data","status":"publish","type":"page","link":"https:\/\/nueva.cpps-int.org\/en_us\/biblioteca-y-data\/","title":{"rendered":"Biblioteca y Data"},"content":{"rendered":"<div data-elementor-type=\"wp-page\" data-elementor-id=\"317\" class=\"elementor elementor-317\">\n\t\t\t\t<div class=\"elementor-element elementor-element-7cc18f8 banner_top_site e-flex e-con-boxed wpr-particle-no wpr-jarallax-no wpr-parallax-no wpr-sticky-section-no wpr-equal-height-no e-con e-parent\" data-id=\"7cc18f8\" data-element_type=\"container\" data-e-type=\"container\" data-settings=\"{&quot;background_background&quot;:&quot;classic&quot;}\">\n\t\t\t\t\t<div class=\"e-con-inner\">\n\t\t<div class=\"elementor-element elementor-element-bd306c9 e-flex e-con-boxed wpr-particle-no wpr-jarallax-no wpr-parallax-no wpr-sticky-section-no wpr-equal-height-no e-con e-child\" data-id=\"bd306c9\" data-element_type=\"container\" data-e-type=\"container\">\n\t\t\t\t\t<div class=\"e-con-inner\">\n\t\t\t\t<div class=\"elementor-element elementor-element-b1c8314 elementor-widget elementor-widget-spacer\" data-id=\"b1c8314\" data-element_type=\"widget\" data-e-type=\"widget\" data-widget_type=\"spacer.default\">\n\t\t\t\t<div class=\"elementor-widget-container\">\n\t\t\t\t\t\t\t<div class=\"elementor-spacer\">\n\t\t\t<div class=\"elementor-spacer-inner\"><\/div>\n\t\t<\/div>\n\t\t\t\t\t\t<\/div>\n\t\t\t\t<\/div>\n\t\t\t\t<div class=\"elementor-element elementor-element-fec992d elementor-widget-divider--view-line elementor-widget elementor-widget-divider\" data-id=\"fec992d\" data-element_type=\"widget\" data-e-type=\"widget\" data-widget_type=\"divider.default\">\n\t\t\t\t<div class=\"elementor-widget-container\">\n\t\t\t\t\t\t\t<div class=\"elementor-divider\">\n\t\t\t<span class=\"elementor-divider-separator\">\n\t\t\t\t\t\t<\/span>\n\t\t<\/div>\n\t\t\t\t\t\t<\/div>\n\t\t\t\t<\/div>\n\t\t\t\t\t<\/div>\n\t\t\t\t<\/div>\n\t\t\t\t<div class=\"elementor-element elementor-element-fdce9f3 elementor-widget elementor-widget-spacer\" data-id=\"fdce9f3\" data-element_type=\"widget\" data-e-type=\"widget\" data-widget_type=\"spacer.default\">\n\t\t\t\t<div class=\"elementor-widget-container\">\n\t\t\t\t\t\t\t<div class=\"elementor-spacer\">\n\t\t\t<div class=\"elementor-spacer-inner\"><\/div>\n\t\t<\/div>\n\t\t\t\t\t\t<\/div>\n\t\t\t\t<\/div>\n\t\t\t\t\t<\/div>\n\t\t\t\t<\/div>\n\t\t<div class=\"elementor-element elementor-element-a80550f e-flex e-con-boxed wpr-particle-no wpr-jarallax-no wpr-parallax-no wpr-sticky-section-no wpr-equal-height-no elementor-invisible e-con e-parent\" data-id=\"a80550f\" data-element_type=\"container\" data-e-type=\"container\" data-settings=\"{&quot;background_background&quot;:&quot;classic&quot;,&quot;animation&quot;:&quot;fadeInLeft&quot;}\">\n\t\t\t\t\t<div class=\"e-con-inner\">\n\t\t<div class=\"elementor-element elementor-element-3abbeb8 e-con-full e-flex wpr-particle-no wpr-jarallax-no wpr-parallax-no wpr-sticky-section-no wpr-equal-height-no e-con e-child\" data-id=\"3abbeb8\" data-element_type=\"container\" data-e-type=\"container\">\n\t\t\t\t<div class=\"elementor-element elementor-element-9d52cb2 elementor-widget elementor-widget-heading\" data-id=\"9d52cb2\" data-element_type=\"widget\" data-e-type=\"widget\" data-widget_type=\"heading.default\">\n\t\t\t\t<div class=\"elementor-widget-container\">\n\t\t\t\t\t<h2 class=\"elementor-heading-title elementor-size-default\">ATLAS REGIONAL<\/h2>\t\t\t\t<\/div>\n\t\t\t\t<\/div>\n\t\t\t\t<div class=\"elementor-element elementor-element-e6b7365 elementor-widget-divider--view-line elementor-widget elementor-widget-divider\" data-id=\"e6b7365\" data-element_type=\"widget\" data-e-type=\"widget\" data-widget_type=\"divider.default\">\n\t\t\t\t<div class=\"elementor-widget-container\">\n\t\t\t\t\t\t\t<div class=\"elementor-divider\">\n\t\t\t<span class=\"elementor-divider-separator\">\n\t\t\t\t\t\t<\/span>\n\t\t<\/div>\n\t\t\t\t\t\t<\/div>\n\t\t\t\t<\/div>\n\t\t\t\t<div class=\"elementor-element elementor-element-103e035 elementor-align-left elementor-widget elementor-widget-button\" data-id=\"103e035\" data-element_type=\"widget\" data-e-type=\"widget\" data-widget_type=\"button.default\">\n\t\t\t\t<div class=\"elementor-widget-container\">\n\t\t\t\t\t\t\t\t\t<div class=\"elementor-button-wrapper\">\n\t\t\t\t\t<a class=\"elementor-button elementor-button-link elementor-size-sm\" href=\"https:\/\/atlasspincam.net\/#\/\">\n\t\t\t\t\t\t<span class=\"elementor-button-content-wrapper\">\n\t\t\t\t\t\t<span class=\"elementor-button-icon\">\n\t\t\t\t<svg aria-hidden=\"true\" class=\"e-font-icon-svg e-fas-long-arrow-alt-right\" viewbox=\"0 0 448 512\" xmlns=\"http:\/\/www.w3.org\/2000\/svg\"><path d=\"M313.941 216H12c-6.627 0-12 5.373-12 12v56c0 6.627 5.373 12 12 12h301.941v46.059c0 21.382 25.851 32.09 40.971 16.971l86.059-86.059c9.373-9.373 9.373-24.569 0-33.941l-86.059-86.059c-15.119-15.119-40.971-4.411-40.971 16.971V216z\"><\/path><\/svg>\t\t\t<\/span>\n\t\t\t\t\t\t\t\t\t<span class=\"elementor-button-text\">Desc\u00fabrelo ..<\/span>\n\t\t\t\t\t<\/span>\n\t\t\t\t\t<\/a>\n\t\t\t\t<\/div>\n\t\t\t\t\t\t\t\t<\/div>\n\t\t\t\t<\/div>\n\t\t\t\t<\/div>\n\t\t<div class=\"elementor-element elementor-element-dfdab99 e-con-full e-flex wpr-particle-no wpr-jarallax-no wpr-parallax-no wpr-sticky-section-no wpr-equal-height-no e-con e-child\" data-id=\"dfdab99\" data-element_type=\"container\" data-e-type=\"container\">\n\t\t\t\t<div class=\"elementor-element elementor-element-9ba1185 elementor-widget elementor-widget-spacer\" data-id=\"9ba1185\" data-element_type=\"widget\" data-e-type=\"widget\" data-widget_type=\"spacer.default\">\n\t\t\t\t<div class=\"elementor-widget-container\">\n\t\t\t\t\t\t\t<div class=\"elementor-spacer\">\n\t\t\t<div class=\"elementor-spacer-inner\"><\/div>\n\t\t<\/div>\n\t\t\t\t\t\t<\/div>\n\t\t\t\t<\/div>\n\t\t\t\t<\/div>\n\t\t\t\t\t<\/div>\n\t\t\t\t<\/div>\n\t\t<div class=\"elementor-element elementor-element-2f3b5e6 e-flex e-con-boxed wpr-particle-no wpr-jarallax-no wpr-parallax-no wpr-sticky-section-no wpr-equal-height-no e-con e-parent\" data-id=\"2f3b5e6\" data-element_type=\"container\" data-e-type=\"container\" data-settings=\"{&quot;background_background&quot;:&quot;classic&quot;}\">\n\t\t\t\t\t<div class=\"e-con-inner\">\n\t\t<div class=\"elementor-element elementor-element-00505a4 e-con-full e-flex wpr-particle-no wpr-jarallax-no wpr-parallax-no wpr-sticky-section-no wpr-equal-height-no e-con e-child\" data-id=\"00505a4\" data-element_type=\"container\" data-e-type=\"container\">\n\t\t<div class=\"elementor-element elementor-element-4324215 e-grid e-con-boxed wpr-particle-no wpr-jarallax-no wpr-parallax-no wpr-sticky-section-no wpr-equal-height-no elementor-invisible e-con e-child\" data-id=\"4324215\" data-element_type=\"container\" data-e-type=\"container\" data-settings=\"{&quot;animation&quot;:&quot;bounceInLeft&quot;}\">\n\t\t\t\t\t<div class=\"e-con-inner\">\n\t\t\t\t<div class=\"elementor-element elementor-element-609cf9f eael-flipbox-content-align-center eael-flipbox-img-default elementor-widget elementor-widget-eael-flip-box\" data-id=\"609cf9f\" data-element_type=\"widget\" data-e-type=\"widget\" data-widget_type=\"eael-flip-box.default\">\n\t\t\t\t<div class=\"elementor-widget-container\">\n\t\t\t\t\t        <div class=\"eael-elements-flip-box-container eael-animate-flip eael-animate-left eael-content eael-flip-box-hover eael-flipbox-fixed-height eael-flipbox-dynamic\">\n\n            <a class=\"eael-elements-flip-box-flip-card\" href=\"#\">\n                <div class=\"eael-elements-flip-box-front-container\">\n                    \n                    \n                        <div class=\"eael-elements-slider-display-table\">\n                            <div class=\"eael-elements-flip-box-vertical-align\">\n                                <div class=\"eael-elements-flip-box-padding\">\n                                    <div class=\"eael-elements-flip-box-icon-image\">\n                                                                                    <img decoding=\"async\" class=\"eael-flipbox-image-as-icon\" src=\"https:\/\/nueva.cpps-int.org\/wp-content\/uploads\/2024\/05\/icon_book_alone_hover.png\" alt=\"\">\n                                                                            <\/div>\n                                    <h2 class=\"eael-elements-flip-box-heading\">libros<\/h2>                                    <div class=\"eael-elements-flip-box-content\">\n\t                                                                        <\/div>\n                                <\/div>\n                            <\/div>\n                        <\/div>\n                                    <\/div>\n\n                <div class=\"eael-elements-flip-box-rear-container\">\n                                                                <div class=\"eael-elements-slider-display-table\">\n                            <div class=\"eael-elements-flip-box-vertical-align\">\n                                <div class=\"eael-elements-flip-box-padding\">\n                                                                            <div class=\"eael-elements-flip-box-icon-image\">\n                                                                                            <img decoding=\"async\" class=\"eael-flipbox-image-as-icon\" src=\"https:\/\/nueva.cpps-int.org\/wp-content\/uploads\/2024\/05\/icon_book_alone.png\" alt=\"\">\n                                                                                    <\/div>\n                                                                                                            <h2 class=\"eael-elements-flip-box-heading\">libros<\/h2>\n                                                                        <div class=\"eael-elements-flip-box-content\">\n                                                                            <\/div>\n\n                                                                    <\/div>\n                            <\/div>\n                        <\/div>\n                                    <\/div>\n            <\/a>\n        <\/div>\n        \t\t\t\t<\/div>\n\t\t\t\t<\/div>\n\t\t\t\t<div class=\"elementor-element elementor-element-cd528b1 eael-flipbox-content-align-center eael-flipbox-img-default elementor-widget elementor-widget-eael-flip-box\" data-id=\"cd528b1\" data-element_type=\"widget\" data-e-type=\"widget\" data-widget_type=\"eael-flip-box.default\">\n\t\t\t\t<div class=\"elementor-widget-container\">\n\t\t\t\t\t        <div class=\"eael-elements-flip-box-container eael-animate-flip eael-animate-left eael-content eael-flip-box-hover eael-flipbox-fixed-height eael-flipbox-dynamic\">\n\n            <a class=\"eael-elements-flip-box-flip-card\" href=\"#\">\n                <div class=\"eael-elements-flip-box-front-container\">\n                    \n                    \n                        <div class=\"eael-elements-slider-display-table\">\n                            <div class=\"eael-elements-flip-box-vertical-align\">\n                                <div class=\"eael-elements-flip-box-padding\">\n                                    <div class=\"eael-elements-flip-box-icon-image\">\n                                                                                    <img decoding=\"async\" class=\"eael-flipbox-image-as-icon\" src=\"https:\/\/nueva.cpps-int.org\/wp-content\/uploads\/2024\/05\/icon_article_alone_hover.png\" alt=\"\">\n                                                                            <\/div>\n                                    <h2 class=\"eael-elements-flip-box-heading\">ART\u00cdCULOS CIENT\u00cdFICOS<\/h2>                                    <div class=\"eael-elements-flip-box-content\">\n\t                                                                        <\/div>\n                                <\/div>\n                            <\/div>\n                        <\/div>\n                                    <\/div>\n\n                <div class=\"eael-elements-flip-box-rear-container\">\n                                                                <div class=\"eael-elements-slider-display-table\">\n                            <div class=\"eael-elements-flip-box-vertical-align\">\n                                <div class=\"eael-elements-flip-box-padding\">\n                                                                            <div class=\"eael-elements-flip-box-icon-image\">\n                                                                                            <img decoding=\"async\" class=\"eael-flipbox-image-as-icon\" src=\"https:\/\/nueva.cpps-int.org\/wp-content\/uploads\/2024\/05\/icon_article_alone.png\" alt=\"\">\n                                                                                    <\/div>\n                                                                                                            <h2 class=\"eael-elements-flip-box-heading\">ART\u00cdCULOS CIENT\u00cdFICOS<\/h2>\n                                                                        <div class=\"eael-elements-flip-box-content\">\n                                                                            <\/div>\n\n                                                                    <\/div>\n                            <\/div>\n                        <\/div>\n                                    <\/div>\n            <\/a>\n        <\/div>\n        \t\t\t\t<\/div>\n\t\t\t\t<\/div>\n\t\t\t\t<div class=\"elementor-element elementor-element-2ea9267 eael-flipbox-content-align-center eael-flipbox-img-default elementor-widget elementor-widget-eael-flip-box\" data-id=\"2ea9267\" data-element_type=\"widget\" data-e-type=\"widget\" data-widget_type=\"eael-flip-box.default\">\n\t\t\t\t<div class=\"elementor-widget-container\">\n\t\t\t\t\t        <div class=\"eael-elements-flip-box-container eael-animate-flip eael-animate-left eael-content eael-flip-box-hover eael-flipbox-fixed-height eael-flipbox-dynamic\">\n\n            <a class=\"eael-elements-flip-box-flip-card\" href=\"https:\/\/cpps.h4o-studio.com\/biblioteca-y-data\/otros\/\">\n                <div class=\"eael-elements-flip-box-front-container\">\n                    \n                    \n                        <div class=\"eael-elements-slider-display-table\">\n                            <div class=\"eael-elements-flip-box-vertical-align\">\n                                <div class=\"eael-elements-flip-box-padding\">\n                                    <div class=\"eael-elements-flip-box-icon-image\">\n                                                                                    <img decoding=\"async\" class=\"eael-flipbox-image-as-icon\" src=\"https:\/\/nueva.cpps-int.org\/wp-content\/uploads\/2024\/05\/icon_otros_alone_hover.png\" alt=\"\">\n                                                                            <\/div>\n                                    <h2 class=\"eael-elements-flip-box-heading\">OTROS<\/h2>                                    <div class=\"eael-elements-flip-box-content\">\n\t                                                                        <\/div>\n                                <\/div>\n                            <\/div>\n                        <\/div>\n                                    <\/div>\n\n                <div class=\"eael-elements-flip-box-rear-container\">\n                                                                <div class=\"eael-elements-slider-display-table\">\n                            <div class=\"eael-elements-flip-box-vertical-align\">\n                                <div class=\"eael-elements-flip-box-padding\">\n                                                                            <div class=\"eael-elements-flip-box-icon-image\">\n                                                                                            <img decoding=\"async\" class=\"eael-flipbox-image-as-icon\" src=\"https:\/\/nueva.cpps-int.org\/wp-content\/uploads\/2024\/05\/icon_otros_alone.png\" alt=\"\">\n                                                                                    <\/div>\n                                                                                                            <h2 class=\"eael-elements-flip-box-heading\">OTROS<\/h2>\n                                                                        <div class=\"eael-elements-flip-box-content\">\n                                                                            <\/div>\n\n                                                                    <\/div>\n                            <\/div>\n                        <\/div>\n                                    <\/div>\n            <\/a>\n        <\/div>\n        \t\t\t\t<\/div>\n\t\t\t\t<\/div>\n\t\t\t\t\t<\/div>\n\t\t\t\t<\/div>\n\t\t\t\t<\/div>\n\t\t<div class=\"elementor-element elementor-element-bb2a0cc e-con-full e-flex wpr-particle-no wpr-jarallax-no wpr-parallax-no wpr-sticky-section-no wpr-equal-height-no elementor-invisible e-con e-child\" data-id=\"bb2a0cc\" data-element_type=\"container\" data-e-type=\"container\" data-settings=\"{&quot;animation&quot;:&quot;bounceInRight&quot;}\">\n\t\t\t\t<div class=\"elementor-element elementor-element-bf4a550 elementor-widget elementor-widget-heading\" data-id=\"bf4a550\" data-element_type=\"widget\" data-e-type=\"widget\" data-widget_type=\"heading.default\">\n\t\t\t\t<div class=\"elementor-widget-container\">\n\t\t\t\t\t<h2 class=\"elementor-heading-title elementor-size-default\">PUBLICACIONES<\/h2>\t\t\t\t<\/div>\n\t\t\t\t<\/div>\n\t\t\t\t<div class=\"elementor-element elementor-element-5a81b9d elementor-widget-divider--view-line elementor-widget elementor-widget-divider\" data-id=\"5a81b9d\" data-element_type=\"widget\" data-e-type=\"widget\" data-widget_type=\"divider.default\">\n\t\t\t\t<div class=\"elementor-widget-container\">\n\t\t\t\t\t\t\t<div class=\"elementor-divider\">\n\t\t\t<span class=\"elementor-divider-separator\">\n\t\t\t\t\t\t<\/span>\n\t\t<\/div>\n\t\t\t\t\t\t<\/div>\n\t\t\t\t<\/div>\n\t\t\t\t<div class=\"elementor-element elementor-element-8691149 elementor-align-left elementor-widget elementor-widget-button\" data-id=\"8691149\" data-element_type=\"widget\" data-e-type=\"widget\" data-widget_type=\"button.default\">\n\t\t\t\t<div class=\"elementor-widget-container\">\n\t\t\t\t\t\t\t\t\t<div class=\"elementor-button-wrapper\">\n\t\t\t\t\t<a class=\"elementor-button elementor-button-link elementor-size-sm\" href=\"#\">\n\t\t\t\t\t\t<span class=\"elementor-button-content-wrapper\">\n\t\t\t\t\t\t<span class=\"elementor-button-icon\">\n\t\t\t\t<svg aria-hidden=\"true\" class=\"e-font-icon-svg e-fas-long-arrow-alt-left\" viewbox=\"0 0 448 512\" xmlns=\"http:\/\/www.w3.org\/2000\/svg\"><path d=\"M134.059 296H436c6.627 0 12-5.373 12-12v-56c0-6.627-5.373-12-12-12H134.059v-46.059c0-21.382-25.851-32.09-40.971-16.971L7.029 239.029c-9.373 9.373-9.373 24.569 0 33.941l86.059 86.059c15.119 15.119 40.971 4.411 40.971-16.971V296z\"><\/path><\/svg>\t\t\t<\/span>\n\t\t\t\t\t\t\t\t\t<span class=\"elementor-button-text\">Desc\u00fabrelo ....<\/span>\n\t\t\t\t\t<\/span>\n\t\t\t\t\t<\/a>\n\t\t\t\t<\/div>\n\t\t\t\t\t\t\t\t<\/div>\n\t\t\t\t<\/div>\n\t\t\t\t<\/div>\n\t\t\t\t\t<\/div>\n\t\t\t\t<\/div>\n\t\t<div class=\"elementor-element elementor-element-4f86575 e-con-full e-flex wpr-particle-no wpr-jarallax-no wpr-parallax-no wpr-sticky-section-no wpr-equal-height-no e-con e-parent\" data-id=\"4f86575\" data-element_type=\"container\" data-e-type=\"container\">\n\t\t<div class=\"elementor-element elementor-element-116f6f3 e-flex e-con-boxed wpr-particle-no wpr-jarallax-no wpr-parallax-no wpr-sticky-section-no wpr-equal-height-no elementor-invisible e-con e-child\" data-id=\"116f6f3\" data-element_type=\"container\" data-e-type=\"container\" data-settings=\"{&quot;animation&quot;:&quot;fadeInUp&quot;}\">\n\t\t\t\t\t<div class=\"e-con-inner\">\n\t\t\t\t<div class=\"elementor-element elementor-element-b67b316 elementor-widget elementor-widget-heading\" data-id=\"b67b316\" data-element_type=\"widget\" data-e-type=\"widget\" data-widget_type=\"heading.default\">\n\t\t\t\t<div class=\"elementor-widget-container\">\n\t\t\t\t\t<h2 class=\"elementor-heading-title elementor-size-default\">TEMAS DE INTER\u00c9S<\/h2>\t\t\t\t<\/div>\n\t\t\t\t<\/div>\n\t\t\t\t<div class=\"elementor-element elementor-element-f807bba elementor-widget-divider--view-line elementor-widget elementor-widget-divider\" data-id=\"f807bba\" data-element_type=\"widget\" data-e-type=\"widget\" data-widget_type=\"divider.default\">\n\t\t\t\t<div class=\"elementor-widget-container\">\n\t\t\t\t\t\t\t<div class=\"elementor-divider\">\n\t\t\t<span class=\"elementor-divider-separator\">\n\t\t\t\t\t\t<\/span>\n\t\t<\/div>\n\t\t\t\t\t\t<\/div>\n\t\t\t\t<\/div>\n\t\t\t\t\t<\/div>\n\t\t\t\t<\/div>\n\t\t<div class=\"elementor-element elementor-element-b62d3d8 e-con-full e-flex wpr-particle-no wpr-jarallax-no wpr-parallax-no wpr-sticky-section-no wpr-equal-height-no elementor-invisible e-con e-child\" data-id=\"b62d3d8\" data-element_type=\"container\" data-e-type=\"container\" data-settings=\"{&quot;background_background&quot;:&quot;classic&quot;,&quot;animation&quot;:&quot;slideInLeft&quot;}\">\n\t\t\t\t<div class=\"elementor-element elementor-element-35a18e3 elementor-widget elementor-widget-text-editor\" data-id=\"35a18e3\" data-element_type=\"widget\" data-e-type=\"widget\" data-widget_type=\"text-editor.default\">\n\t\t\t\t<div class=\"elementor-widget-container\">\n\t\t\t\t\t\t\t\t\t<p>Lorem ipsum dolor sit amet, consectetur adipiscing elit. Ut elit tellus, luctus nec ullamcorper mattis, pulvinar dapibus leo.<\/p>\t\t\t\t\t\t\t\t<\/div>\n\t\t\t\t<\/div>\n\t\t\t\t<\/div>\n\t\t<div class=\"elementor-element elementor-element-a89940e e-con-full e-flex wpr-particle-no wpr-jarallax-no wpr-parallax-no wpr-sticky-section-no wpr-equal-height-no elementor-invisible e-con e-child\" data-id=\"a89940e\" data-element_type=\"container\" data-e-type=\"container\" data-settings=\"{&quot;background_background&quot;:&quot;classic&quot;,&quot;animation&quot;:&quot;slideInUp&quot;}\">\n\t\t\t\t<div class=\"elementor-element elementor-element-2dd01f2 elementor-widget elementor-widget-text-editor\" data-id=\"2dd01f2\" data-element_type=\"widget\" data-e-type=\"widget\" data-widget_type=\"text-editor.default\">\n\t\t\t\t<div class=\"elementor-widget-container\">\n\t\t\t\t\t\t\t\t\t<p>Lorem ipsum dolor sit amet, consectetur adipiscing elit. Ut elit tellus, luctus nec ullamcorper mattis, pulvinar dapibus leo.<\/p>\t\t\t\t\t\t\t\t<\/div>\n\t\t\t\t<\/div>\n\t\t\t\t<\/div>\n\t\t<div class=\"elementor-element elementor-element-71b5e02 e-con-full e-flex wpr-particle-no wpr-jarallax-no wpr-parallax-no wpr-sticky-section-no wpr-equal-height-no elementor-invisible e-con e-child\" data-id=\"71b5e02\" data-element_type=\"container\" data-e-type=\"container\" data-settings=\"{&quot;background_background&quot;:&quot;classic&quot;,&quot;animation&quot;:&quot;slideInRight&quot;}\">\n\t\t\t\t<div class=\"elementor-element elementor-element-6a7b1ee elementor-widget elementor-widget-spacer\" data-id=\"6a7b1ee\" data-element_type=\"widget\" data-e-type=\"widget\" data-widget_type=\"spacer.default\">\n\t\t\t\t<div class=\"elementor-widget-container\">\n\t\t\t\t\t\t\t<div class=\"elementor-spacer\">\n\t\t\t<div class=\"elementor-spacer-inner\"><\/div>\n\t\t<\/div>\n\t\t\t\t\t\t<\/div>\n\t\t\t\t<\/div>\n\t\t\t\t<\/div>\n\t\t\t\t<\/div>\n\t\t\t\t<\/div>","protected":false},"excerpt":{"rendered":"<p>Biblioteca y Data ATLAS REGIONAL Desc\u00fabrelo .. libros libros ART\u00cdCULOS CIENT\u00cdFICOS ART\u00cdCULOS CIENT\u00cdFICOS OTROS OTROS PUBLICACIONES Desc\u00fabrelo &#8230;. TEMAS DE INTER\u00c9S Lorem fistrum por la gloria de mi madre esse jarl aliqua llevame al sircoo. De la pradera ullamco qu\u00e9 dise usteer est\u00e1 la cosa muy malar. Lorem fistrum por la gloria de mi madre esse jarl aliqua llevame al sircoo. De la pradera ullamco qu\u00e9 dise usteer est\u00e1 la cosa muy malar.<\/p>","protected":false},"author":1,"featured_media":0,"parent":0,"menu_order":0,"comment_status":"closed","ping_status":"closed","template":"","meta":{"footnotes":""},"class_list":["post-317","page","type-page","status-publish","hentry"],"_links":{"self":[{"href":"https:\/\/nueva.cpps-int.org\/en_us\/wp-json\/wp\/v2\/pages\/317","targetHints":{"allow":["GET"]}}],"collection":[{"href":"https:\/\/nueva.cpps-int.org\/en_us\/wp-json\/wp\/v2\/pages"}],"about":[{"href":"https:\/\/nueva.cpps-int.org\/en_us\/wp-json\/wp\/v2\/types\/page"}],"author":[{"embeddable":true,"href":"https:\/\/nueva.cpps-int.org\/en_us\/wp-json\/wp\/v2\/users\/1"}],"replies":[{"embeddable":true,"href":"https:\/\/nueva.cpps-int.org\/en_us\/wp-json\/wp\/v2\/comments?post=317"}],"version-history":[{"count":94,"href":"https:\/\/nueva.cpps-int.org\/en_us\/wp-json\/wp\/v2\/pages\/317\/revisions"}],"predecessor-version":[{"id":4923,"href":"https:\/\/nueva.cpps-int.org\/en_us\/wp-json\/wp\/v2\/pages\/317\/revisions\/4923"}],"wp:attachment":[{"href":"https:\/\/nueva.cpps-int.org\/en_us\/wp-json\/wp\/v2\/media?parent=317"}],"curies":[{"name":"wp","href":"https:\/\/api.w.org\/{rel}","templated":true}]}}